{"id":2169,"date":"2023-07-06T08:22:39","date_gmt":"2023-07-06T08:22:39","guid":{"rendered":"https:\/\/ultrasound3dimaging.com\/fiesta-de-revelacion-de-sexo\/"},"modified":"2024-05-16T15:00:59","modified_gmt":"2024-05-16T15:00:59","slug":"fiesta-de-revelacion-de-sexo","status":"publish","type":"page","link":"https:\/\/ultrasound3dimaging.com\/es\/fiesta-de-revelacion-de-sexo\/","title":{"rendered":"Fiesta de revelaci\u00f3n de sexo"},"content":{"rendered":"\t\t<div data-elementor-type=\"wp-page\" data-elementor-id=\"2169\" class=\"elementor elementor-2169 elementor-1045\">\n\t\t\t\t\t\t<section class=\"elementor-section elementor-top-section elementor-element elementor-element-6c36829 elementor-section-height-min-height elementor-section-items-bottom elementor-section-boxed elementor-section-height-default\" data-id=\"6c36829\" data-element_type=\"section\" data-e-type=\"section\" data-settings=\"{&quot;background_background&quot;:&quot;classic&quot;}\">\n\t\t\t\t\t\t\t<div class=\"elementor-background-overlay\"><\/div>\n\t\t\t\t\t\t\t<div class=\"elementor-container elementor-column-gap-default\">\n\t\t\t\t\t<div class=\"elementor-column elementor-col-50 elementor-top-column elementor-element elementor-element-9e2d925\" data-id=\"9e2d925\" data-element_type=\"column\" data-e-type=\"column\">\n\t\t\t<div class=\"elementor-widget-wrap elementor-element-populated\">\n\t\t\t\t\t\t<div class=\"elementor-element elementor-element-1b0888e elementor-widget elementor-widget-heading\" data-id=\"1b0888e\" data-element_type=\"widget\" data-e-type=\"widget\" data-widget_type=\"heading.default\">\n\t\t\t\t<div class=\"elementor-widget-container\">\n\t\t\t\t\t<h1 class=\"elementor-heading-title elementor-size-default\">Fiesta de revelaci\u00f3n de sexo<\/h1>\t\t\t\t<\/div>\n\t\t\t\t<\/div>\n\t\t\t\t<div class=\"elementor-element elementor-element-b3d08f6 elementor-widget elementor-widget-text-editor\" data-id=\"b3d08f6\" data-element_type=\"widget\" data-e-type=\"widget\" data-widget_type=\"text-editor.default\">\n\t\t\t\t<div class=\"elementor-widget-container\">\n\t\t\t\t\t\t\t\t\t<p>A Glimpse of Me tambi\u00e9n ayuda en la planificaci\u00f3n de la revelaci\u00f3n del sexo, asegur\u00e1ndose de que todas las pruebas ecogr\u00e1ficas est\u00e9n completas antes de la fiesta<\/p>\n\t\t\t\t\t\t\t\t<\/div>\n\t\t\t\t<\/div>\n\t\t\t\t<div class=\"elementor-element elementor-element-5c584f5 elementor-widget-divider--view-line elementor-widget elementor-widget-divider\" data-id=\"5c584f5\" data-element_type=\"widget\" data-e-type=\"widget\" data-widget_type=\"divider.default\">\n\t\t\t\t<div class=\"elementor-widget-container\">\n\t\t\t\t\t\t\t<div class=\"elementor-divider\">\n\t\t\t<span class=\"elementor-divider-separator\">\n\t\t\t\t\t\t<\/span>\n\t\t<\/div>\n\t\t\t\t\t\t<\/div>\n\t\t\t\t<\/div>\n\t\t\t\t\t<\/div>\n\t\t<\/div>\n\t\t\t\t<div class=\"elementor-column elementor-col-50 elementor-top-column elementor-element elementor-element-0eb09f0\" data-id=\"0eb09f0\" data-element_type=\"column\" data-e-type=\"column\">\n\t\t\t<div class=\"elementor-widget-wrap\">\n\t\t\t\t\t\t\t<\/div>\n\t\t<\/div>\n\t\t\t\t\t<\/div>\n\t\t<\/section>\n\t\t\t\t<section class=\"elementor-section elementor-top-section elementor-element elementor-element-06e7d30 elementor-section-boxed elementor-section-height-default elementor-section-height-default\" data-id=\"06e7d30\" data-element_type=\"section\" data-e-type=\"section\">\n\t\t\t\t\t\t<div class=\"elementor-container elementor-column-gap-default\">\n\t\t\t\t\t<div class=\"elementor-column elementor-col-100 elementor-top-column elementor-element elementor-element-194de1d\" data-id=\"194de1d\" data-element_type=\"column\" data-e-type=\"column\">\n\t\t\t<div class=\"elementor-widget-wrap elementor-element-populated\">\n\t\t\t\t\t\t<div class=\"elementor-element elementor-element-31a6969 elementor-widget elementor-widget-text-editor\" data-id=\"31a6969\" data-element_type=\"widget\" data-e-type=\"widget\" data-widget_type=\"text-editor.default\">\n\t\t\t\t<div class=\"elementor-widget-container\">\n\t\t\t\t\t\t\t\t\t<p>Descubrir el sexo de tu beb\u00e9 es emocionante, pero a\u00fan lo es m\u00e1s compartir la revelaci\u00f3n con todos tus amigos y familiares. A Glimpse of Me tambi\u00e9n colabora en la planificaci\u00f3n de la revelaci\u00f3n del sexo, asegur\u00e1ndose de que todas las pruebas ecogr\u00e1ficas est\u00e9n completas antes de la fiesta. Nos reuniremos contigo para hablar de los detalles de tu revelaci\u00f3n de sexo y la ejecutaremos a la perfecci\u00f3n, haciendo que sea un proceso sencillo para evitar tensiones innecesarias. Adem\u00e1s de organizar tu fiesta de revelaci\u00f3n del sexo, ofrecemos ecograf\u00edas m\u00f3viles a domicilio para captar los rasgos de tu querido beb\u00e9. \u00a1Llama a A Glimpse of Me hoy mismo para saber m\u00e1s sobre nuestros servicios!<\/p>\n\t\t\t\t\t\t\t\t<\/div>\n\t\t\t\t<\/div>\n\t\t\t\t\t<\/div>\n\t\t<\/div>\n\t\t\t\t\t<\/div>\n\t\t<\/section>\n\t\t\t\t<\/div>\n\t\t","protected":false},"excerpt":{"rendered":"<p>Fiesta de revelaci\u00f3n de sexo A Glimpse of Me tambi\u00e9n ayuda en la planificaci\u00f3n de la [&hellip;]<\/p>\n","protected":false},"author":1,"featured_media":0,"parent":0,"menu_order":0,"comment_status":"closed","ping_status":"closed","template":"","meta":{"site-sidebar-layout":"no-sidebar","site-content-layout":"page-builder","ast-site-content-layout":"full-width-container","site-content-style":"unboxed","site-sidebar-style":"unboxed","ast-global-header-display":"","ast-banner-title-visibility":"","ast-main-header-display":"","ast-hfb-above-header-display":"","ast-hfb-below-header-display":"","ast-hfb-mobile-header-display":"","site-post-title":"disabled","ast-breadcrumbs-content":"","ast-featured-img":"disabled","footer-sml-layout":"","theme-transparent-header-meta":"default","adv-header-id-meta":"","stick-header-meta":"default","header-above-stick-meta":"","header-main-stick-meta":"","header-below-stick-meta":"","astra-migrate-meta-layouts":"default","ast-page-background-enabled":"default","ast-page-background-meta":{"desktop":{"background-color":"","background-image":"","background-repeat":"repeat","background-position":"center center","background-size":"auto","background-attachment":"scroll","background-type":"","background-media":"","overlay-type":"","overlay-color":"","overlay-opacity":"","overlay-gradient":""},"tablet":{"background-color":"","background-image":"","background-repeat":"repeat","background-position":"center center","background-size":"auto","background-attachment":"scroll","background-type":"","background-media":"","overlay-type":"","overlay-color":"","overlay-opacity":"","overlay-gradient":""},"mobile":{"background-color":"","background-image":"","background-repeat":"repeat","background-position":"center center","background-size":"auto","background-attachment":"scroll","background-type":"","background-media":"","overlay-type":"","overlay-color":"","overlay-opacity":"","overlay-gradient":""}},"ast-content-background-meta":{"desktop":{"background-color":"var(--ast-global-color-5)","background-image":"","background-repeat":"repeat","background-position":"center center","background-size":"auto","background-attachment":"scroll","background-type":"","background-media":"","overlay-type":"","overlay-color":"","overlay-opacity":"","overlay-gradient":""},"tablet":{"background-color":"var(--ast-global-color-5)","background-image":"","background-repeat":"repeat","background-position":"center center","background-size":"auto","background-attachment":"scroll","background-type":"","background-media":"","overlay-type":"","overlay-color":"","overlay-opacity":"","overlay-gradient":""},"mobile":{"background-color":"var(--ast-global-color-5)","background-image":"","background-repeat":"repeat","background-position":"center center","background-size":"auto","background-attachment":"scroll","background-type":"","background-media":"","overlay-type":"","overlay-color":"","overlay-opacity":"","overlay-gradient":""}},"footnotes":""},"class_list":["post-2169","page","type-page","status-publish","hentry"],"yoast_head":"<!-- This site is optimized with the Yoast SEO plugin v27.3 - https:\/\/yoast.com\/product\/yoast-seo-wordpress\/ -->\n<title>Planificadora de Fiestas de Revelaci\u00f3n del Sexo de Beb\u00e9s en Holbrook, NY<\/title>\n<meta name=\"description\" content=\"\u00bfBuscas un organizador de fiestas de revelaci\u00f3n de sexo de primera categor\u00eda en Holbrook, NY? Elige A Glimpse of Me para eventos memorables de revelaci\u00f3n del sexo del beb\u00e9.\" \/>\n<meta name=\"robots\" content=\"index, follow, max-snippet:-1, max-image-preview:large, max-video-preview:-1\" \/>\n<link rel=\"canonical\" href=\"https:\/\/ultrasound3dimaging.com\/es\/fiesta-de-revelacion-de-sexo\/\" \/>\n<meta property=\"og:locale\" content=\"es_ES\" \/>\n<meta property=\"og:type\" content=\"article\" \/>\n<meta property=\"og:title\" content=\"Planificadora de Fiestas de Revelaci\u00f3n del Sexo de Beb\u00e9s en Holbrook, NY\" \/>\n<meta property=\"og:description\" content=\"\u00bfBuscas un organizador de fiestas de revelaci\u00f3n de sexo de primera categor\u00eda en Holbrook, NY? Elige A Glimpse of Me para eventos memorables de revelaci\u00f3n del sexo del beb\u00e9.\" \/>\n<meta property=\"og:url\" content=\"https:\/\/ultrasound3dimaging.com\/es\/fiesta-de-revelacion-de-sexo\/\" \/>\n<meta property=\"og:site_name\" content=\"A Glimpse of Me\" \/>\n<meta property=\"article:modified_time\" content=\"2024-05-16T15:00:59+00:00\" \/>\n<meta name=\"twitter:card\" content=\"summary_large_image\" \/>\n<meta name=\"twitter:label1\" content=\"Tiempo de lectura\" \/>\n\t<meta name=\"twitter:data1\" content=\"1 minuto\" \/>\n<script type=\"application\/ld+json\" class=\"yoast-schema-graph\">{\"@context\":\"https:\\\/\\\/schema.org\",\"@graph\":[{\"@type\":\"WebPage\",\"@id\":\"https:\\\/\\\/ultrasound3dimaging.com\\\/es\\\/fiesta-de-revelacion-de-sexo\\\/\",\"url\":\"https:\\\/\\\/ultrasound3dimaging.com\\\/es\\\/fiesta-de-revelacion-de-sexo\\\/\",\"name\":\"Planificadora de Fiestas de Revelaci\u00f3n del Sexo de Beb\u00e9s en Holbrook, NY\",\"isPartOf\":{\"@id\":\"https:\\\/\\\/ultrasound3dimaging.com\\\/es\\\/#website\"},\"datePublished\":\"2023-07-06T08:22:39+00:00\",\"dateModified\":\"2024-05-16T15:00:59+00:00\",\"description\":\"\u00bfBuscas un organizador de fiestas de revelaci\u00f3n de sexo de primera categor\u00eda en Holbrook, NY? Elige A Glimpse of Me para eventos memorables de revelaci\u00f3n del sexo del beb\u00e9.\",\"breadcrumb\":{\"@id\":\"https:\\\/\\\/ultrasound3dimaging.com\\\/es\\\/fiesta-de-revelacion-de-sexo\\\/#breadcrumb\"},\"inLanguage\":\"es\",\"potentialAction\":[{\"@type\":\"ReadAction\",\"target\":[\"https:\\\/\\\/ultrasound3dimaging.com\\\/es\\\/fiesta-de-revelacion-de-sexo\\\/\"]}]},{\"@type\":\"BreadcrumbList\",\"@id\":\"https:\\\/\\\/ultrasound3dimaging.com\\\/es\\\/fiesta-de-revelacion-de-sexo\\\/#breadcrumb\",\"itemListElement\":[{\"@type\":\"ListItem\",\"position\":1,\"name\":\"Home\",\"item\":\"https:\\\/\\\/ultrasound3dimaging.com\\\/es\\\/inicio\\\/\"},{\"@type\":\"ListItem\",\"position\":2,\"name\":\"Fiesta de revelaci\u00f3n de sexo\"}]},{\"@type\":\"WebSite\",\"@id\":\"https:\\\/\\\/ultrasound3dimaging.com\\\/es\\\/#website\",\"url\":\"https:\\\/\\\/ultrasound3dimaging.com\\\/es\\\/\",\"name\":\"A Glimpse of Me\",\"description\":\"Mobile Ultrasound &amp; 3d Imaging\",\"publisher\":{\"@id\":\"https:\\\/\\\/ultrasound3dimaging.com\\\/es\\\/#organization\"},\"potentialAction\":[{\"@type\":\"SearchAction\",\"target\":{\"@type\":\"EntryPoint\",\"urlTemplate\":\"https:\\\/\\\/ultrasound3dimaging.com\\\/es\\\/?s={search_term_string}\"},\"query-input\":{\"@type\":\"PropertyValueSpecification\",\"valueRequired\":true,\"valueName\":\"search_term_string\"}}],\"inLanguage\":\"es\"},{\"@type\":\"Organization\",\"@id\":\"https:\\\/\\\/ultrasound3dimaging.com\\\/es\\\/#organization\",\"name\":\"A Glimpse of Me\",\"url\":\"https:\\\/\\\/ultrasound3dimaging.com\\\/es\\\/\",\"logo\":{\"@type\":\"ImageObject\",\"inLanguage\":\"es\",\"@id\":\"https:\\\/\\\/ultrasound3dimaging.com\\\/es\\\/#\\\/schema\\\/logo\\\/image\\\/\",\"url\":\"https:\\\/\\\/ultrasound3dimaging.com\\\/wp-content\\\/uploads\\\/2023\\\/07\\\/glimpse-logo.png\",\"contentUrl\":\"https:\\\/\\\/ultrasound3dimaging.com\\\/wp-content\\\/uploads\\\/2023\\\/07\\\/glimpse-logo.png\",\"width\":431,\"height\":431,\"caption\":\"A Glimpse of Me\"},\"image\":{\"@id\":\"https:\\\/\\\/ultrasound3dimaging.com\\\/es\\\/#\\\/schema\\\/logo\\\/image\\\/\"}}]}<\/script>\n<!-- \/ Yoast SEO plugin. -->","yoast_head_json":{"title":"Planificadora de Fiestas de Revelaci\u00f3n del Sexo de Beb\u00e9s en Holbrook, NY","description":"\u00bfBuscas un organizador de fiestas de revelaci\u00f3n de sexo de primera categor\u00eda en Holbrook, NY? Elige A Glimpse of Me para eventos memorables de revelaci\u00f3n del sexo del beb\u00e9.","robots":{"index":"index","follow":"follow","max-snippet":"max-snippet:-1","max-image-preview":"max-image-preview:large","max-video-preview":"max-video-preview:-1"},"canonical":"https:\/\/ultrasound3dimaging.com\/es\/fiesta-de-revelacion-de-sexo\/","og_locale":"es_ES","og_type":"article","og_title":"Planificadora de Fiestas de Revelaci\u00f3n del Sexo de Beb\u00e9s en Holbrook, NY","og_description":"\u00bfBuscas un organizador de fiestas de revelaci\u00f3n de sexo de primera categor\u00eda en Holbrook, NY? Elige A Glimpse of Me para eventos memorables de revelaci\u00f3n del sexo del beb\u00e9.","og_url":"https:\/\/ultrasound3dimaging.com\/es\/fiesta-de-revelacion-de-sexo\/","og_site_name":"A Glimpse of Me","article_modified_time":"2024-05-16T15:00:59+00:00","twitter_card":"summary_large_image","twitter_misc":{"Tiempo de lectura":"1 minuto"},"schema":{"@context":"https:\/\/schema.org","@graph":[{"@type":"WebPage","@id":"https:\/\/ultrasound3dimaging.com\/es\/fiesta-de-revelacion-de-sexo\/","url":"https:\/\/ultrasound3dimaging.com\/es\/fiesta-de-revelacion-de-sexo\/","name":"Planificadora de Fiestas de Revelaci\u00f3n del Sexo de Beb\u00e9s en Holbrook, NY","isPartOf":{"@id":"https:\/\/ultrasound3dimaging.com\/es\/#website"},"datePublished":"2023-07-06T08:22:39+00:00","dateModified":"2024-05-16T15:00:59+00:00","description":"\u00bfBuscas un organizador de fiestas de revelaci\u00f3n de sexo de primera categor\u00eda en Holbrook, NY? Elige A Glimpse of Me para eventos memorables de revelaci\u00f3n del sexo del beb\u00e9.","breadcrumb":{"@id":"https:\/\/ultrasound3dimaging.com\/es\/fiesta-de-revelacion-de-sexo\/#breadcrumb"},"inLanguage":"es","potentialAction":[{"@type":"ReadAction","target":["https:\/\/ultrasound3dimaging.com\/es\/fiesta-de-revelacion-de-sexo\/"]}]},{"@type":"BreadcrumbList","@id":"https:\/\/ultrasound3dimaging.com\/es\/fiesta-de-revelacion-de-sexo\/#breadcrumb","itemListElement":[{"@type":"ListItem","position":1,"name":"Home","item":"https:\/\/ultrasound3dimaging.com\/es\/inicio\/"},{"@type":"ListItem","position":2,"name":"Fiesta de revelaci\u00f3n de sexo"}]},{"@type":"WebSite","@id":"https:\/\/ultrasound3dimaging.com\/es\/#website","url":"https:\/\/ultrasound3dimaging.com\/es\/","name":"A Glimpse of Me","description":"Mobile Ultrasound &amp; 3d Imaging","publisher":{"@id":"https:\/\/ultrasound3dimaging.com\/es\/#organization"},"potentialAction":[{"@type":"SearchAction","target":{"@type":"EntryPoint","urlTemplate":"https:\/\/ultrasound3dimaging.com\/es\/?s={search_term_string}"},"query-input":{"@type":"PropertyValueSpecification","valueRequired":true,"valueName":"search_term_string"}}],"inLanguage":"es"},{"@type":"Organization","@id":"https:\/\/ultrasound3dimaging.com\/es\/#organization","name":"A Glimpse of Me","url":"https:\/\/ultrasound3dimaging.com\/es\/","logo":{"@type":"ImageObject","inLanguage":"es","@id":"https:\/\/ultrasound3dimaging.com\/es\/#\/schema\/logo\/image\/","url":"https:\/\/ultrasound3dimaging.com\/wp-content\/uploads\/2023\/07\/glimpse-logo.png","contentUrl":"https:\/\/ultrasound3dimaging.com\/wp-content\/uploads\/2023\/07\/glimpse-logo.png","width":431,"height":431,"caption":"A Glimpse of Me"},"image":{"@id":"https:\/\/ultrasound3dimaging.com\/es\/#\/schema\/logo\/image\/"}}]}},"_links":{"self":[{"href":"https:\/\/ultrasound3dimaging.com\/es\/wp-json\/wp\/v2\/pages\/2169","targetHints":{"allow":["GET"]}}],"collection":[{"href":"https:\/\/ultrasound3dimaging.com\/es\/wp-json\/wp\/v2\/pages"}],"about":[{"href":"https:\/\/ultrasound3dimaging.com\/es\/wp-json\/wp\/v2\/types\/page"}],"author":[{"embeddable":true,"href":"https:\/\/ultrasound3dimaging.com\/es\/wp-json\/wp\/v2\/users\/1"}],"replies":[{"embeddable":true,"href":"https:\/\/ultrasound3dimaging.com\/es\/wp-json\/wp\/v2\/comments?post=2169"}],"version-history":[{"count":1,"href":"https:\/\/ultrasound3dimaging.com\/es\/wp-json\/wp\/v2\/pages\/2169\/revisions"}],"predecessor-version":[{"id":2173,"href":"https:\/\/ultrasound3dimaging.com\/es\/wp-json\/wp\/v2\/pages\/2169\/revisions\/2173"}],"wp:attachment":[{"href":"https:\/\/ultrasound3dimaging.com\/es\/wp-json\/wp\/v2\/media?parent=2169"}],"curies":[{"name":"wp","href":"https:\/\/api.w.org\/{rel}","templated":true}]}}