{"id":2176,"date":"2023-07-06T08:01:02","date_gmt":"2023-07-06T08:01:02","guid":{"rendered":"https:\/\/ultrasound3dimaging.com\/ecografia-movil-3d-4d-5d\/"},"modified":"2025-06-10T03:43:10","modified_gmt":"2025-06-10T03:43:10","slug":"ecografia-movil-3d-4d-5d","status":"publish","type":"page","link":"https:\/\/ultrasound3dimaging.com\/es\/ecografia-movil-3d-4d-5d\/","title":{"rendered":"Ecograf\u00eda m\u00f3vil 3D\/4D\/5D"},"content":{"rendered":"\t\t<div data-elementor-type=\"wp-page\" data-elementor-id=\"2176\" class=\"elementor elementor-2176 elementor-1024\">\n\t\t\t\t\t\t<section class=\"elementor-section elementor-top-section elementor-element elementor-element-66f7a41 elementor-section-height-min-height elementor-section-items-bottom elementor-section-boxed elementor-section-height-default\" data-id=\"66f7a41\" data-element_type=\"section\" data-e-type=\"section\" data-settings=\"{&quot;background_background&quot;:&quot;classic&quot;}\">\n\t\t\t\t\t\t\t<div class=\"elementor-background-overlay\"><\/div>\n\t\t\t\t\t\t\t<div class=\"elementor-container elementor-column-gap-default\">\n\t\t\t\t\t<div class=\"elementor-column elementor-col-50 elementor-top-column elementor-element elementor-element-f2e890b\" data-id=\"f2e890b\" data-element_type=\"column\" data-e-type=\"column\">\n\t\t\t<div class=\"elementor-widget-wrap elementor-element-populated\">\n\t\t\t\t\t\t<div class=\"elementor-element elementor-element-233cd76 elementor-widget elementor-widget-heading\" data-id=\"233cd76\" data-element_type=\"widget\" data-e-type=\"widget\" data-widget_type=\"heading.default\">\n\t\t\t\t<div class=\"elementor-widget-container\">\n\t\t\t\t\t<h1 class=\"elementor-heading-title elementor-size-default\">Ecograf\u00eda 5D m\u00f3vil<\/h1>\t\t\t\t<\/div>\n\t\t\t\t<\/div>\n\t\t\t\t<div class=\"elementor-element elementor-element-715b26e elementor-widget elementor-widget-text-editor\" data-id=\"715b26e\" data-element_type=\"widget\" data-e-type=\"widget\" data-widget_type=\"text-editor.default\">\n\t\t\t\t<div class=\"elementor-widget-container\">\n\t\t\t\t\t\t\t\t\t<p>Puedes ver los rasgos detallados de tu beb\u00e9 en la comodidad de tu casa a trav\u00e9s de nuestra ecograf\u00eda m\u00f3vil 5D<\/p>\t\t\t\t\t\t\t\t<\/div>\n\t\t\t\t<\/div>\n\t\t\t\t<div class=\"elementor-element elementor-element-3b58e1c elementor-widget-divider--view-line elementor-widget elementor-widget-divider\" data-id=\"3b58e1c\" data-element_type=\"widget\" data-e-type=\"widget\" data-widget_type=\"divider.default\">\n\t\t\t\t<div class=\"elementor-widget-container\">\n\t\t\t\t\t\t\t<div class=\"elementor-divider\">\n\t\t\t<span class=\"elementor-divider-separator\">\n\t\t\t\t\t\t<\/span>\n\t\t<\/div>\n\t\t\t\t\t\t<\/div>\n\t\t\t\t<\/div>\n\t\t\t\t\t<\/div>\n\t\t<\/div>\n\t\t\t\t<div class=\"elementor-column elementor-col-50 elementor-top-column elementor-element elementor-element-232d38e\" data-id=\"232d38e\" data-element_type=\"column\" data-e-type=\"column\">\n\t\t\t<div class=\"elementor-widget-wrap\">\n\t\t\t\t\t\t\t<\/div>\n\t\t<\/div>\n\t\t\t\t\t<\/div>\n\t\t<\/section>\n\t\t\t\t<section class=\"elementor-section elementor-top-section elementor-element elementor-element-0c3fa6c elementor-section-boxed elementor-section-height-default elementor-section-height-default\" data-id=\"0c3fa6c\" data-element_type=\"section\" data-e-type=\"section\">\n\t\t\t\t\t\t<div class=\"elementor-container elementor-column-gap-default\">\n\t\t\t\t\t<div class=\"elementor-column elementor-col-100 elementor-top-column elementor-element elementor-element-86af206\" data-id=\"86af206\" data-element_type=\"column\" data-e-type=\"column\">\n\t\t\t<div class=\"elementor-widget-wrap elementor-element-populated\">\n\t\t\t\t\t\t<div class=\"elementor-element elementor-element-4433c1a elementor-widget elementor-widget-heading\" data-id=\"4433c1a\" data-element_type=\"widget\" data-e-type=\"widget\" data-widget_type=\"heading.default\">\n\t\t\t\t<div class=\"elementor-widget-container\">\n\t\t\t\t\t<h3 class=\"elementor-heading-title elementor-size-default\">Experimenta la magia de la ecograf\u00eda 3D, 4D y 5D con A Glimpse of Me en Holbrook, NY<\/h3>\t\t\t\t<\/div>\n\t\t\t\t<\/div>\n\t\t\t\t<div class=\"elementor-element elementor-element-55433b3 elementor-widget elementor-widget-text-editor\" data-id=\"55433b3\" data-element_type=\"widget\" data-e-type=\"widget\" data-widget_type=\"text-editor.default\">\n\t\t\t\t<div class=\"elementor-widget-container\">\n\t\t\t\t\t\t\t\t\t<p>No hay nada como el momento en que ves a tu beb\u00e9 por primera vez. En A Glimpse of Me, te llevamos ese momento directamente a ti, ofreci\u00e9ndote servicios de ecograf\u00eda m\u00f3vil de \u00faltima generaci\u00f3n en Holbrook, NY y en todo Long Island.<\/p><p>Tanto si buscas una ecograf\u00eda 3D, una ecograf\u00eda 4D o la ecograf\u00eda 5D m\u00e1s avanzada, nuestro equipo te ofrece una experiencia de uni\u00f3n inolvidable en la comodidad y privacidad de tu propia casa.<\/p><p>Entendemos lo preciosos que son estos primeros momentos, por eso nuestro servicio de ecograf\u00eda a domicilio se dise\u00f1\u00f3 pensando en las familias embarazadas.<\/p><p>Imagina ver a tu beb\u00e9 bostezar, sonre\u00edr o mover los dedos en una pantalla de alta definici\u00f3n, rodeado de tus seres queridos y sin la presi\u00f3n de un entorno cl\u00ednico. Es un momento que trasciende la tecnolog\u00eda y del que nos sentimos honrados de formar parte.<\/p><h4><strong>La alegr\u00eda de ver a tu beb\u00e9 en 5D<\/strong><\/h4><p>Con nuestro servicio m\u00f3vil de ecograf\u00eda 5D, tienes acceso a im\u00e1genes de vanguardia que revelan im\u00e1genes incre\u00edblemente reales de tu beb\u00e9.<\/p><p>La claridad y el detalle de la 5D te permiten ser testigo de los delicados movimientos, expresiones e incluso gestos sutiles de tu beb\u00e9, como parpadear o chuparse el dedo.<\/p><p>La 5D no s\u00f3lo ofrece im\u00e1genes m\u00e1s n\u00edtidas, sino tambi\u00e9n una calidez y un realismo que hacen que la experiencia sea a\u00fan m\u00e1s \u00edntima.<\/p><p>No s\u00f3lo proporcionamos un servicio: proporcionamos un recuerdo. Nuestra tecnolog\u00eda m\u00f3vil te permite ver a tu hijo en un entorno familiar y acogedor, donde hermanos, abuelos y amigos \u00edntimos pueden estar presentes para compartir la alegr\u00eda.<\/p><h4><strong>Servicios de ecograf\u00eda m\u00f3vil en Holbrook, NY<\/strong><\/h4><p>A Glimpse of Me se enorgullece de ofrecer servicios m\u00f3viles de ecograf\u00eda en todo Holbrook y las zonas cercanas de Long Island. Llevamos todo el equipo necesario directamente a tu casa, creando una experiencia c\u00f3moda y personalizada sin sacrificar la calidad ni la seguridad de las im\u00e1genes.<\/p><p>Tanto si est\u00e1s al principio del embarazo como si se acerca el gran d\u00eda, nuestras opciones de ecograf\u00eda incluyen:<\/p><p><strong>Ecograf\u00eda 2D<\/strong> &#8211; Ideal para la confirmaci\u00f3n precoz y la detecci\u00f3n de latidos.<\/p><p><strong>Ecograf\u00eda 3D<\/strong> &#8211; Capta im\u00e1genes est\u00e1ticas de los rasgos faciales y el cuerpo de tu beb\u00e9 en tres dimensiones.<\/p><p><strong>Ecograf\u00eda 4D<\/strong> &#8211; Da vida a esas im\u00e1genes con movimiento en tiempo real.<\/p><p><strong>Ecograf\u00eda 5D m\u00f3vil:<\/strong> la tecnolog\u00eda de imagen m\u00e1s avanzada para una claridad y profundidad inigualables.<\/p><p>Cada sesi\u00f3n es tratada con compasi\u00f3n y profesionalidad por un ecografista titulado que se asegura de que no s\u00f3lo te sientas relajada, sino tambi\u00e9n plenamente informada y conectada emocionalmente durante todo el proceso.<\/p><h4><strong>Qu\u00e9 incluye tu sesi\u00f3n privada<\/strong><\/h4><p>Cuando eliges A Glimpse of Me, no s\u00f3lo est\u00e1s programando una ecograf\u00eda: est\u00e1s creando un acontecimiento para recordar. Cada sesi\u00f3n incluye:<\/p><ul><li>Una sesi\u00f3n de 1 a 1,5 minutos con ecograf\u00edas 2D, 3D, 4D y 5D<\/li><li>Detecci\u00f3n de latidos y reproducci\u00f3n de ondas de audio<\/li><li>Confirmaci\u00f3n o revelaci\u00f3n del sexo (previa solicitud)<\/li><li>Im\u00e1genes digitales ilimitadas y una grabaci\u00f3n en v\u00eddeo de tu sesi\u00f3n<\/li><li>Acceso a streaming en directo para que los seres queridos cercanos y lejanos puedan participar<\/li><li>Una cuenta Baby Flix gratuita<\/li><li>3 fotos impresas en color para guardar como recuerdo<\/li><li>Una mini sesi\u00f3n fotogr\u00e1fica de maternidad para mejorar tu experiencia<\/li><\/ul><p>Nuestros clientes suelen describir la experiencia como m\u00e1gica, emotiva y profundamente memorable, sobre todo cuando se comparte con la familia en un entorno familiar.<\/p><h4><strong>Ecograf\u00eda en consulta y m\u00f3vil: T\u00fa eliges<\/strong><\/h4><p>\u00bfPrefieres la consulta? Lo tenemos cubierto. Aunque nuestros servicios m\u00f3viles de ecograf\u00eda son los favoritos de los clientes, tambi\u00e9n ofrecemos citas en consulta para quienes prefieran una visita tradicional.Ambas opciones est\u00e1n dise\u00f1adas para ser acogedoras, relajadas y llenas de calidez y emoci\u00f3n.<\/p><p>Tanto si nos visitas como si vamos a verte, obtendr\u00e1s el mismo nivel de atenci\u00f3n y la tecnolog\u00eda de ultrasonidos m\u00e1s avanzada. Nuestro servicio m\u00f3vil es ideal para quienes tienen problemas de movilidad, agendas apretadas o, simplemente, para quienes desean crear un momento m\u00e1s privado y significativo.<\/p><h4><strong>Cel\u00e9bralo con nosotros: Revelaciones de sexo y baby showers<\/strong><\/h4><p>En A Glimpse of Me, vamos m\u00e1s all\u00e1 de la ecograf\u00eda. Ayudamos a los futuros padres a crear experiencias \u00fanicas en torno a su creciente familia. \u00bfNecesitas ayuda para organizar una <a href=\"https:\/\/ultrasound3dimaging.com\/es\/fiesta-de-revelacion-de-sexo\/\">fiesta de revelaci\u00f3n del sexo<\/a>? \u00bfPlaneas una <a href=\"https:\/\/ultrasound3dimaging.com\/es\/duchas-para-bebes\/\">fiesta de bienvenida al beb\u00e9<\/a> y quieres incluir una sesi\u00f3n de ecograf\u00eda 5D en directo para que la disfruten los invitados?<\/p><p>Trabajamos contigo para integrar las im\u00e1genes por ultrasonidos en tu evento especial, haciendo que el momento sea a\u00fan m\u00e1s atractivo y conmovedor. Combinando la imagen profesional con el apoyo creativo al evento, nos aseguramos de que tu celebraci\u00f3n se convierta en un recuerdo entra\u00f1able para todos los implicados.<\/p><h4><strong>Por qu\u00e9 las familias eligen A Glimpse of Me<\/strong><\/h4><p>Las familias de Holbrook y Long Island nos eligen por nuestra:<\/p><p><strong>Profesionalidad:<\/strong> T\u00e9cnicos en ecograf\u00eda certificados y con experiencia en los que puedes confiar.<\/p><p><strong>Comodidad:<\/strong> Horario flexible y servicio m\u00f3vil para mayor comodidad.<\/p><p><strong>Tecnolog\u00eda:<\/strong> Acceso a las \u00faltimas innovaciones en ecograf\u00eda 3D, 4D y 5D.<\/p><p><strong>Conexi\u00f3n:<\/strong> Creamos un entorno que fomenta la vinculaci\u00f3n emocional y la alegr\u00eda compartida.<\/p><p><strong>Asistencia:<\/strong> Desde las exploraciones iniciales hasta la planificaci\u00f3n del evento, estamos aqu\u00ed para cada paso del viaje.<\/p><p>El embarazo es una experiencia profunda. Est\u00e1 lleno de emociones, cambios y expectativas. Nuestro papel consiste en proporcionar un momento tranquilo de conexi\u00f3n, ayudarte a sentirte m\u00e1s cerca de la peque\u00f1a vida que crece en tu interior y documentar el viaje con claridad y compasi\u00f3n.<\/p><h4><strong>Reserva hoy tu ecograf\u00eda a domicilio<\/strong><\/h4><p>Si est\u00e1s lista para experimentar la magia de una ecograf\u00eda 5D m\u00f3vil o cualquiera de nuestros servicios de ecograf\u00eda m\u00f3vil, no dudes en ponerte en contacto con nosotros. Nuestro equipo estar\u00e1 encantado de explicarte nuestros paquetes, responder a tus preguntas y programar tu sesi\u00f3n privada cuando te venga bien.<\/p><p>En A Glimpse of Me, nos enorgullecemos de hacer de cada ecograf\u00eda una experiencia hermosa y sin estr\u00e9s. Nuestros clientes no son s\u00f3lo pacientes: son familias. Y nos sentimos honrados de formar parte de un hito tan tierno y significativo.<\/p><p>Llama hoy mismo para programar tu ecograf\u00eda 3D, 4D o 5D en Holbrook, NY, y conocer a tu beb\u00e9 de la forma m\u00e1s extraordinaria.<\/p>\t\t\t\t\t\t\t\t<\/div>\n\t\t\t\t<\/div>\n\t\t\t\t\t<\/div>\n\t\t<\/div>\n\t\t\t\t\t<\/div>\n\t\t<\/section>\n\t\t\t\t<\/div>\n\t\t","protected":false},"excerpt":{"rendered":"<p>Ecograf\u00eda 5D m\u00f3vil Puedes ver los rasgos detallados de tu beb\u00e9 en la comodidad de tu [&hellip;]<\/p>\n","protected":false},"author":1,"featured_media":0,"parent":0,"menu_order":0,"comment_status":"closed","ping_status":"closed","template":"","meta":{"site-sidebar-layout":"no-sidebar","site-content-layout":"page-builder","ast-site-content-layout":"full-width-container","site-content-style":"unboxed","site-sidebar-style":"unboxed","ast-global-header-display":"","ast-banner-title-visibility":"","ast-main-header-display":"","ast-hfb-above-header-display":"","ast-hfb-below-header-display":"","ast-hfb-mobile-header-display":"","site-post-title":"disabled","ast-breadcrumbs-content":"","ast-featured-img":"disabled","footer-sml-layout":"","theme-transparent-header-meta":"default","adv-header-id-meta":"","stick-header-meta":"default","header-above-stick-meta":"","header-main-stick-meta":"","header-below-stick-meta":"","astra-migrate-meta-layouts":"default","ast-page-background-enabled":"default","ast-page-background-meta":{"desktop":{"background-color":"","background-image":"","background-repeat":"repeat","background-position":"center center","background-size":"auto","background-attachment":"scroll","background-type":"","background-media":"","overlay-type":"","overlay-color":"","overlay-opacity":"","overlay-gradient":""},"tablet":{"background-color":"","background-image":"","background-repeat":"repeat","background-position":"center center","background-size":"auto","background-attachment":"scroll","background-type":"","background-media":"","overlay-type":"","overlay-color":"","overlay-opacity":"","overlay-gradient":""},"mobile":{"background-color":"","background-image":"","background-repeat":"repeat","background-position":"center center","background-size":"auto","background-attachment":"scroll","background-type":"","background-media":"","overlay-type":"","overlay-color":"","overlay-opacity":"","overlay-gradient":""}},"ast-content-background-meta":{"desktop":{"background-color":"var(--ast-global-color-5)","background-image":"","background-repeat":"repeat","background-position":"center center","background-size":"auto","background-attachment":"scroll","background-type":"","background-media":"","overlay-type":"","overlay-color":"","overlay-opacity":"","overlay-gradient":""},"tablet":{"background-color":"var(--ast-global-color-5)","background-image":"","background-repeat":"repeat","background-position":"center center","background-size":"auto","background-attachment":"scroll","background-type":"","background-media":"","overlay-type":"","overlay-color":"","overlay-opacity":"","overlay-gradient":""},"mobile":{"background-color":"var(--ast-global-color-5)","background-image":"","background-repeat":"repeat","background-position":"center center","background-size":"auto","background-attachment":"scroll","background-type":"","background-media":"","overlay-type":"","overlay-color":"","overlay-opacity":"","overlay-gradient":""}},"footnotes":""},"class_list":["post-2176","page","type-page","status-publish","hentry"],"yoast_head":"<!-- This site is optimized with the Yoast SEO plugin v27.3 - https:\/\/yoast.com\/product\/yoast-seo-wordpress\/ -->\n<title>Servicios m\u00f3viles de ecograf\u00eda 3D, 4D y 5D en Holbrook, NY<\/title>\n<meta name=\"description\" content=\"Del\u00e9itate con la claridad de las ecograf\u00edas 3D, 4D y 5D con A Glimpse of Me. Tu proveedor de servicios de ecograf\u00eda m\u00f3vil de confianza en Holbrook, NY.\" \/>\n<meta name=\"robots\" content=\"index, follow, max-snippet:-1, max-image-preview:large, max-video-preview:-1\" \/>\n<link rel=\"canonical\" href=\"https:\/\/ultrasound3dimaging.com\/es\/ecografia-movil-3d-4d-5d\/\" \/>\n<meta property=\"og:locale\" content=\"es_ES\" \/>\n<meta property=\"og:type\" content=\"article\" \/>\n<meta property=\"og:title\" content=\"Servicios m\u00f3viles de ecograf\u00eda 3D, 4D y 5D en Holbrook, NY\" \/>\n<meta property=\"og:description\" content=\"Del\u00e9itate con la claridad de las ecograf\u00edas 3D, 4D y 5D con A Glimpse of Me. Tu proveedor de servicios de ecograf\u00eda m\u00f3vil de confianza en Holbrook, NY.\" \/>\n<meta property=\"og:url\" content=\"https:\/\/ultrasound3dimaging.com\/es\/ecografia-movil-3d-4d-5d\/\" \/>\n<meta property=\"og:site_name\" content=\"A Glimpse of Me\" \/>\n<meta property=\"article:modified_time\" content=\"2025-06-10T03:43:10+00:00\" \/>\n<meta name=\"twitter:card\" content=\"summary_large_image\" \/>\n<meta name=\"twitter:label1\" content=\"Tiempo de lectura\" \/>\n\t<meta name=\"twitter:data1\" content=\"5 minutos\" \/>\n<script type=\"application\/ld+json\" class=\"yoast-schema-graph\">{\"@context\":\"https:\\\/\\\/schema.org\",\"@graph\":[{\"@type\":\"WebPage\",\"@id\":\"https:\\\/\\\/ultrasound3dimaging.com\\\/es\\\/ecografia-movil-3d-4d-5d\\\/\",\"url\":\"https:\\\/\\\/ultrasound3dimaging.com\\\/es\\\/ecografia-movil-3d-4d-5d\\\/\",\"name\":\"Servicios m\u00f3viles de ecograf\u00eda 3D, 4D y 5D en Holbrook, NY\",\"isPartOf\":{\"@id\":\"https:\\\/\\\/ultrasound3dimaging.com\\\/es\\\/#website\"},\"datePublished\":\"2023-07-06T08:01:02+00:00\",\"dateModified\":\"2025-06-10T03:43:10+00:00\",\"description\":\"Del\u00e9itate con la claridad de las ecograf\u00edas 3D, 4D y 5D con A Glimpse of Me. Tu proveedor de servicios de ecograf\u00eda m\u00f3vil de confianza en Holbrook, NY.\",\"breadcrumb\":{\"@id\":\"https:\\\/\\\/ultrasound3dimaging.com\\\/es\\\/ecografia-movil-3d-4d-5d\\\/#breadcrumb\"},\"inLanguage\":\"es\",\"potentialAction\":[{\"@type\":\"ReadAction\",\"target\":[\"https:\\\/\\\/ultrasound3dimaging.com\\\/es\\\/ecografia-movil-3d-4d-5d\\\/\"]}]},{\"@type\":\"BreadcrumbList\",\"@id\":\"https:\\\/\\\/ultrasound3dimaging.com\\\/es\\\/ecografia-movil-3d-4d-5d\\\/#breadcrumb\",\"itemListElement\":[{\"@type\":\"ListItem\",\"position\":1,\"name\":\"Home\",\"item\":\"https:\\\/\\\/ultrasound3dimaging.com\\\/es\\\/inicio\\\/\"},{\"@type\":\"ListItem\",\"position\":2,\"name\":\"Ecograf\u00eda m\u00f3vil 3D\\\/4D\\\/5D\"}]},{\"@type\":\"WebSite\",\"@id\":\"https:\\\/\\\/ultrasound3dimaging.com\\\/es\\\/#website\",\"url\":\"https:\\\/\\\/ultrasound3dimaging.com\\\/es\\\/\",\"name\":\"A Glimpse of Me\",\"description\":\"Mobile Ultrasound &amp; 3d Imaging\",\"publisher\":{\"@id\":\"https:\\\/\\\/ultrasound3dimaging.com\\\/es\\\/#organization\"},\"potentialAction\":[{\"@type\":\"SearchAction\",\"target\":{\"@type\":\"EntryPoint\",\"urlTemplate\":\"https:\\\/\\\/ultrasound3dimaging.com\\\/es\\\/?s={search_term_string}\"},\"query-input\":{\"@type\":\"PropertyValueSpecification\",\"valueRequired\":true,\"valueName\":\"search_term_string\"}}],\"inLanguage\":\"es\"},{\"@type\":\"Organization\",\"@id\":\"https:\\\/\\\/ultrasound3dimaging.com\\\/es\\\/#organization\",\"name\":\"A Glimpse of Me\",\"url\":\"https:\\\/\\\/ultrasound3dimaging.com\\\/es\\\/\",\"logo\":{\"@type\":\"ImageObject\",\"inLanguage\":\"es\",\"@id\":\"https:\\\/\\\/ultrasound3dimaging.com\\\/es\\\/#\\\/schema\\\/logo\\\/image\\\/\",\"url\":\"https:\\\/\\\/ultrasound3dimaging.com\\\/wp-content\\\/uploads\\\/2023\\\/07\\\/glimpse-logo.png\",\"contentUrl\":\"https:\\\/\\\/ultrasound3dimaging.com\\\/wp-content\\\/uploads\\\/2023\\\/07\\\/glimpse-logo.png\",\"width\":431,\"height\":431,\"caption\":\"A Glimpse of Me\"},\"image\":{\"@id\":\"https:\\\/\\\/ultrasound3dimaging.com\\\/es\\\/#\\\/schema\\\/logo\\\/image\\\/\"}}]}<\/script>\n<!-- \/ Yoast SEO plugin. -->","yoast_head_json":{"title":"Servicios m\u00f3viles de ecograf\u00eda 3D, 4D y 5D en Holbrook, NY","description":"Del\u00e9itate con la claridad de las ecograf\u00edas 3D, 4D y 5D con A Glimpse of Me. Tu proveedor de servicios de ecograf\u00eda m\u00f3vil de confianza en Holbrook, NY.","robots":{"index":"index","follow":"follow","max-snippet":"max-snippet:-1","max-image-preview":"max-image-preview:large","max-video-preview":"max-video-preview:-1"},"canonical":"https:\/\/ultrasound3dimaging.com\/es\/ecografia-movil-3d-4d-5d\/","og_locale":"es_ES","og_type":"article","og_title":"Servicios m\u00f3viles de ecograf\u00eda 3D, 4D y 5D en Holbrook, NY","og_description":"Del\u00e9itate con la claridad de las ecograf\u00edas 3D, 4D y 5D con A Glimpse of Me. Tu proveedor de servicios de ecograf\u00eda m\u00f3vil de confianza en Holbrook, NY.","og_url":"https:\/\/ultrasound3dimaging.com\/es\/ecografia-movil-3d-4d-5d\/","og_site_name":"A Glimpse of Me","article_modified_time":"2025-06-10T03:43:10+00:00","twitter_card":"summary_large_image","twitter_misc":{"Tiempo de lectura":"5 minutos"},"schema":{"@context":"https:\/\/schema.org","@graph":[{"@type":"WebPage","@id":"https:\/\/ultrasound3dimaging.com\/es\/ecografia-movil-3d-4d-5d\/","url":"https:\/\/ultrasound3dimaging.com\/es\/ecografia-movil-3d-4d-5d\/","name":"Servicios m\u00f3viles de ecograf\u00eda 3D, 4D y 5D en Holbrook, NY","isPartOf":{"@id":"https:\/\/ultrasound3dimaging.com\/es\/#website"},"datePublished":"2023-07-06T08:01:02+00:00","dateModified":"2025-06-10T03:43:10+00:00","description":"Del\u00e9itate con la claridad de las ecograf\u00edas 3D, 4D y 5D con A Glimpse of Me. Tu proveedor de servicios de ecograf\u00eda m\u00f3vil de confianza en Holbrook, NY.","breadcrumb":{"@id":"https:\/\/ultrasound3dimaging.com\/es\/ecografia-movil-3d-4d-5d\/#breadcrumb"},"inLanguage":"es","potentialAction":[{"@type":"ReadAction","target":["https:\/\/ultrasound3dimaging.com\/es\/ecografia-movil-3d-4d-5d\/"]}]},{"@type":"BreadcrumbList","@id":"https:\/\/ultrasound3dimaging.com\/es\/ecografia-movil-3d-4d-5d\/#breadcrumb","itemListElement":[{"@type":"ListItem","position":1,"name":"Home","item":"https:\/\/ultrasound3dimaging.com\/es\/inicio\/"},{"@type":"ListItem","position":2,"name":"Ecograf\u00eda m\u00f3vil 3D\/4D\/5D"}]},{"@type":"WebSite","@id":"https:\/\/ultrasound3dimaging.com\/es\/#website","url":"https:\/\/ultrasound3dimaging.com\/es\/","name":"A Glimpse of Me","description":"Mobile Ultrasound &amp; 3d Imaging","publisher":{"@id":"https:\/\/ultrasound3dimaging.com\/es\/#organization"},"potentialAction":[{"@type":"SearchAction","target":{"@type":"EntryPoint","urlTemplate":"https:\/\/ultrasound3dimaging.com\/es\/?s={search_term_string}"},"query-input":{"@type":"PropertyValueSpecification","valueRequired":true,"valueName":"search_term_string"}}],"inLanguage":"es"},{"@type":"Organization","@id":"https:\/\/ultrasound3dimaging.com\/es\/#organization","name":"A Glimpse of Me","url":"https:\/\/ultrasound3dimaging.com\/es\/","logo":{"@type":"ImageObject","inLanguage":"es","@id":"https:\/\/ultrasound3dimaging.com\/es\/#\/schema\/logo\/image\/","url":"https:\/\/ultrasound3dimaging.com\/wp-content\/uploads\/2023\/07\/glimpse-logo.png","contentUrl":"https:\/\/ultrasound3dimaging.com\/wp-content\/uploads\/2023\/07\/glimpse-logo.png","width":431,"height":431,"caption":"A Glimpse of Me"},"image":{"@id":"https:\/\/ultrasound3dimaging.com\/es\/#\/schema\/logo\/image\/"}}]}},"_links":{"self":[{"href":"https:\/\/ultrasound3dimaging.com\/es\/wp-json\/wp\/v2\/pages\/2176","targetHints":{"allow":["GET"]}}],"collection":[{"href":"https:\/\/ultrasound3dimaging.com\/es\/wp-json\/wp\/v2\/pages"}],"about":[{"href":"https:\/\/ultrasound3dimaging.com\/es\/wp-json\/wp\/v2\/types\/page"}],"author":[{"embeddable":true,"href":"https:\/\/ultrasound3dimaging.com\/es\/wp-json\/wp\/v2\/users\/1"}],"replies":[{"embeddable":true,"href":"https:\/\/ultrasound3dimaging.com\/es\/wp-json\/wp\/v2\/comments?post=2176"}],"version-history":[{"count":7,"href":"https:\/\/ultrasound3dimaging.com\/es\/wp-json\/wp\/v2\/pages\/2176\/revisions"}],"predecessor-version":[{"id":2398,"href":"https:\/\/ultrasound3dimaging.com\/es\/wp-json\/wp\/v2\/pages\/2176\/revisions\/2398"}],"wp:attachment":[{"href":"https:\/\/ultrasound3dimaging.com\/es\/wp-json\/wp\/v2\/media?parent=2176"}],"curies":[{"name":"wp","href":"https:\/\/api.w.org\/{rel}","templated":true}]}}