{"id":2190,"date":"2023-10-13T15:42:47","date_gmt":"2023-10-13T15:42:47","guid":{"rendered":"https:\/\/ultrasound3dimaging.com\/promos\/"},"modified":"2024-05-16T15:01:04","modified_gmt":"2024-05-16T15:01:04","slug":"promos","status":"publish","type":"page","link":"https:\/\/ultrasound3dimaging.com\/es\/promos\/","title":{"rendered":"Promos"},"content":{"rendered":"\t\t<div data-elementor-type=\"wp-page\" data-elementor-id=\"2190\" class=\"elementor elementor-2190 elementor-1702\">\n\t\t\t\t\t\t<section class=\"elementor-section elementor-top-section elementor-element elementor-element-b3fd0fd elementor-section-height-min-height elementor-section-stretched elementor-section-items-bottom elementor-section-boxed elementor-section-height-default\" data-id=\"b3fd0fd\" data-element_type=\"section\" data-e-type=\"section\" data-settings=\"{&quot;stretch_section&quot;:&quot;section-stretched&quot;,&quot;background_background&quot;:&quot;classic&quot;}\">\n\t\t\t\t\t\t\t<div class=\"elementor-background-overlay\"><\/div>\n\t\t\t\t\t\t\t<div class=\"elementor-container elementor-column-gap-default\">\n\t\t\t\t\t<div class=\"elementor-column elementor-col-50 elementor-top-column elementor-element elementor-element-1e7d41d\" data-id=\"1e7d41d\" data-element_type=\"column\" data-e-type=\"column\">\n\t\t\t<div class=\"elementor-widget-wrap elementor-element-populated\">\n\t\t\t\t\t\t<div class=\"elementor-element elementor-element-422d7df elementor-widget elementor-widget-heading\" data-id=\"422d7df\" data-element_type=\"widget\" data-e-type=\"widget\" data-widget_type=\"heading.default\">\n\t\t\t\t<div class=\"elementor-widget-container\">\n\t\t\t\t\t<h1 class=\"elementor-heading-title elementor-size-default\">Promociones<\/h1>\t\t\t\t<\/div>\n\t\t\t\t<\/div>\n\t\t\t\t<div class=\"elementor-element elementor-element-fdbfb44 elementor-widget-divider--view-line elementor-widget elementor-widget-divider\" data-id=\"fdbfb44\" data-element_type=\"widget\" data-e-type=\"widget\" data-widget_type=\"divider.default\">\n\t\t\t\t<div class=\"elementor-widget-container\">\n\t\t\t\t\t\t\t<div class=\"elementor-divider\">\n\t\t\t<span class=\"elementor-divider-separator\">\n\t\t\t\t\t\t<\/span>\n\t\t<\/div>\n\t\t\t\t\t\t<\/div>\n\t\t\t\t<\/div>\n\t\t\t\t\t<\/div>\n\t\t<\/div>\n\t\t\t\t<div class=\"elementor-column elementor-col-50 elementor-top-column elementor-element elementor-element-36070ab\" data-id=\"36070ab\" data-element_type=\"column\" data-e-type=\"column\">\n\t\t\t<div class=\"elementor-widget-wrap\">\n\t\t\t\t\t\t\t<\/div>\n\t\t<\/div>\n\t\t\t\t\t<\/div>\n\t\t<\/section>\n\t\t\t\t<section class=\"elementor-section elementor-top-section elementor-element elementor-element-3f6a0b5 elementor-section-boxed elementor-section-height-default elementor-section-height-default\" data-id=\"3f6a0b5\" data-element_type=\"section\" data-e-type=\"section\">\n\t\t\t\t\t\t<div class=\"elementor-container elementor-column-gap-default\">\n\t\t\t\t\t<div class=\"elementor-column elementor-col-100 elementor-top-column elementor-element elementor-element-dcec3c8\" data-id=\"dcec3c8\" data-element_type=\"column\" data-e-type=\"column\">\n\t\t\t<div class=\"elementor-widget-wrap elementor-element-populated\">\n\t\t\t\t\t\t<div class=\"elementor-element elementor-element-d6de3ac elementor-widget elementor-widget-image\" data-id=\"d6de3ac\" data-element_type=\"widget\" data-e-type=\"widget\" data-widget_type=\"image.default\">\n\t\t\t\t<div class=\"elementor-widget-container\">\n\t\t\t\t\t\t\t\t\t\t\t\t\t\t\t<img fetchpriority=\"high\" decoding=\"async\" width=\"1024\" height=\"576\" src=\"https:\/\/ultrasound3dimaging.com\/wp-content\/uploads\/2023\/10\/image0-9-1024x576.jpeg\" class=\"attachment-large size-large wp-image-2144\" alt=\"\" srcset=\"https:\/\/ultrasound3dimaging.com\/wp-content\/uploads\/2023\/10\/image0-9-1024x576.jpeg 1024w, https:\/\/ultrasound3dimaging.com\/wp-content\/uploads\/2023\/10\/image0-9-300x169.jpeg 300w, https:\/\/ultrasound3dimaging.com\/wp-content\/uploads\/2023\/10\/image0-9-768x432.jpeg 768w, https:\/\/ultrasound3dimaging.com\/wp-content\/uploads\/2023\/10\/image0-9.jpeg 1280w\" sizes=\"(max-width: 1024px) 100vw, 1024px\" \/>\t\t\t\t\t\t\t\t\t\t\t\t\t\t\t<\/div>\n\t\t\t\t<\/div>\n\t\t\t\t\t<\/div>\n\t\t<\/div>\n\t\t\t\t\t<\/div>\n\t\t<\/section>\n\t\t\t\t<section class=\"elementor-section elementor-top-section elementor-element elementor-element-2bdcf4a elementor-section-boxed elementor-section-height-default elementor-section-height-default\" data-id=\"2bdcf4a\" data-element_type=\"section\" data-e-type=\"section\" data-settings=\"{&quot;background_background&quot;:&quot;gradient&quot;}\">\n\t\t\t\t\t\t<div class=\"elementor-container elementor-column-gap-default\">\n\t\t\t\t\t<div class=\"elementor-column elementor-col-100 elementor-top-column elementor-element elementor-element-0d0cbd0\" data-id=\"0d0cbd0\" data-element_type=\"column\" data-e-type=\"column\">\n\t\t\t<div class=\"elementor-widget-wrap\">\n\t\t\t\t\t\t\t<\/div>\n\t\t<\/div>\n\t\t\t\t\t<\/div>\n\t\t<\/section>\n\t\t\t\t<\/div>\n\t\t","protected":false},"excerpt":{"rendered":"<p>Promociones<\/p>\n","protected":false},"author":1,"featured_media":0,"parent":0,"menu_order":0,"comment_status":"closed","ping_status":"closed","template":"","meta":{"site-sidebar-layout":"no-sidebar","site-content-layout":"page-builder","ast-site-content-layout":"full-width-container","site-content-style":"unboxed","site-sidebar-style":"unboxed","ast-global-header-display":"","ast-banner-title-visibility":"","ast-main-header-display":"","ast-hfb-above-header-display":"","ast-hfb-below-header-display":"","ast-hfb-mobile-header-display":"","site-post-title":"disabled","ast-breadcrumbs-content":"","ast-featured-img":"disabled","footer-sml-layout":"","theme-transparent-header-meta":"default","adv-header-id-meta":"","stick-header-meta":"default","header-above-stick-meta":"","header-main-stick-meta":"","header-below-stick-meta":"","astra-migrate-meta-layouts":"default","ast-page-background-enabled":"default","ast-page-background-meta":{"desktop":{"background-color":"","background-image":"","background-repeat":"repeat","background-position":"center center","background-size":"auto","background-attachment":"scroll","background-type":"","background-media":"","overlay-type":"","overlay-color":"","overlay-opacity":"","overlay-gradient":""},"tablet":{"background-color":"","background-image":"","background-repeat":"repeat","background-position":"center center","background-size":"auto","background-attachment":"scroll","background-type":"","background-media":"","overlay-type":"","overlay-color":"","overlay-opacity":"","overlay-gradient":""},"mobile":{"background-color":"","background-image":"","background-repeat":"repeat","background-position":"center center","background-size":"auto","background-attachment":"scroll","background-type":"","background-media":"","overlay-type":"","overlay-color":"","overlay-opacity":"","overlay-gradient":""}},"ast-content-background-meta":{"desktop":{"background-color":"var(--ast-global-color-5)","background-image":"","background-repeat":"repeat","background-position":"center center","background-size":"auto","background-attachment":"scroll","background-type":"","background-media":"","overlay-type":"","overlay-color":"","overlay-opacity":"","overlay-gradient":""},"tablet":{"background-color":"var(--ast-global-color-5)","background-image":"","background-repeat":"repeat","background-position":"center center","background-size":"auto","background-attachment":"scroll","background-type":"","background-media":"","overlay-type":"","overlay-color":"","overlay-opacity":"","overlay-gradient":""},"mobile":{"background-color":"var(--ast-global-color-5)","background-image":"","background-repeat":"repeat","background-position":"center center","background-size":"auto","background-attachment":"scroll","background-type":"","background-media":"","overlay-type":"","overlay-color":"","overlay-opacity":"","overlay-gradient":""}},"footnotes":""},"class_list":["post-2190","page","type-page","status-publish","hentry"],"yoast_head":"<!-- This site is optimized with the Yoast SEO plugin v27.3 - https:\/\/yoast.com\/product\/yoast-seo-wordpress\/ -->\n<title>Promociones de ecograf\u00edas de beb\u00e9s en Holbrook, NY | Un vistazo a m\u00ed<\/title>\n<meta name=\"description\" content=\"A Glimpse of Me presenta promociones premium de ecograf\u00edas de beb\u00e9s en Holbrook, NY. Capta los hitos de tu beb\u00e9 con nuestras ecograf\u00edas especializadas.\" \/>\n<meta name=\"robots\" content=\"index, follow, max-snippet:-1, max-image-preview:large, max-video-preview:-1\" \/>\n<link rel=\"canonical\" href=\"https:\/\/ultrasound3dimaging.com\/es\/promos\/\" \/>\n<meta property=\"og:locale\" content=\"es_ES\" \/>\n<meta property=\"og:type\" content=\"article\" \/>\n<meta property=\"og:title\" content=\"Promociones de ecograf\u00edas de beb\u00e9s en Holbrook, NY | Un vistazo a m\u00ed\" \/>\n<meta property=\"og:description\" content=\"A Glimpse of Me presenta promociones premium de ecograf\u00edas de beb\u00e9s en Holbrook, NY. Capta los hitos de tu beb\u00e9 con nuestras ecograf\u00edas especializadas.\" \/>\n<meta property=\"og:url\" content=\"https:\/\/ultrasound3dimaging.com\/es\/promos\/\" \/>\n<meta property=\"og:site_name\" content=\"A Glimpse of Me\" \/>\n<meta property=\"article:modified_time\" content=\"2024-05-16T15:01:04+00:00\" \/>\n<meta property=\"og:image\" content=\"https:\/\/ultrasound3dimaging.com\/wp-content\/uploads\/2023\/10\/image0-9-1024x576.jpeg\" \/>\n<meta name=\"twitter:card\" content=\"summary_large_image\" \/>\n<script type=\"application\/ld+json\" class=\"yoast-schema-graph\">{\"@context\":\"https:\\\/\\\/schema.org\",\"@graph\":[{\"@type\":\"WebPage\",\"@id\":\"https:\\\/\\\/ultrasound3dimaging.com\\\/es\\\/promos\\\/\",\"url\":\"https:\\\/\\\/ultrasound3dimaging.com\\\/es\\\/promos\\\/\",\"name\":\"Promociones de ecograf\u00edas de beb\u00e9s en Holbrook, NY | Un vistazo a m\u00ed\",\"isPartOf\":{\"@id\":\"https:\\\/\\\/ultrasound3dimaging.com\\\/es\\\/#website\"},\"primaryImageOfPage\":{\"@id\":\"https:\\\/\\\/ultrasound3dimaging.com\\\/es\\\/promos\\\/#primaryimage\"},\"image\":{\"@id\":\"https:\\\/\\\/ultrasound3dimaging.com\\\/es\\\/promos\\\/#primaryimage\"},\"thumbnailUrl\":\"https:\\\/\\\/ultrasound3dimaging.com\\\/wp-content\\\/uploads\\\/2023\\\/10\\\/image0-9-1024x576.jpeg\",\"datePublished\":\"2023-10-13T15:42:47+00:00\",\"dateModified\":\"2024-05-16T15:01:04+00:00\",\"description\":\"A Glimpse of Me presenta promociones premium de ecograf\u00edas de beb\u00e9s en Holbrook, NY. Capta los hitos de tu beb\u00e9 con nuestras ecograf\u00edas especializadas.\",\"breadcrumb\":{\"@id\":\"https:\\\/\\\/ultrasound3dimaging.com\\\/es\\\/promos\\\/#breadcrumb\"},\"inLanguage\":\"es\",\"potentialAction\":[{\"@type\":\"ReadAction\",\"target\":[\"https:\\\/\\\/ultrasound3dimaging.com\\\/es\\\/promos\\\/\"]}]},{\"@type\":\"ImageObject\",\"inLanguage\":\"es\",\"@id\":\"https:\\\/\\\/ultrasound3dimaging.com\\\/es\\\/promos\\\/#primaryimage\",\"url\":\"https:\\\/\\\/ultrasound3dimaging.com\\\/wp-content\\\/uploads\\\/2023\\\/10\\\/image0-9-1024x576.jpeg\",\"contentUrl\":\"https:\\\/\\\/ultrasound3dimaging.com\\\/wp-content\\\/uploads\\\/2023\\\/10\\\/image0-9-1024x576.jpeg\"},{\"@type\":\"BreadcrumbList\",\"@id\":\"https:\\\/\\\/ultrasound3dimaging.com\\\/es\\\/promos\\\/#breadcrumb\",\"itemListElement\":[{\"@type\":\"ListItem\",\"position\":1,\"name\":\"Home\",\"item\":\"https:\\\/\\\/ultrasound3dimaging.com\\\/es\\\/inicio\\\/\"},{\"@type\":\"ListItem\",\"position\":2,\"name\":\"Promos\"}]},{\"@type\":\"WebSite\",\"@id\":\"https:\\\/\\\/ultrasound3dimaging.com\\\/es\\\/#website\",\"url\":\"https:\\\/\\\/ultrasound3dimaging.com\\\/es\\\/\",\"name\":\"A Glimpse of Me\",\"description\":\"Mobile Ultrasound &amp; 3d Imaging\",\"publisher\":{\"@id\":\"https:\\\/\\\/ultrasound3dimaging.com\\\/es\\\/#organization\"},\"potentialAction\":[{\"@type\":\"SearchAction\",\"target\":{\"@type\":\"EntryPoint\",\"urlTemplate\":\"https:\\\/\\\/ultrasound3dimaging.com\\\/es\\\/?s={search_term_string}\"},\"query-input\":{\"@type\":\"PropertyValueSpecification\",\"valueRequired\":true,\"valueName\":\"search_term_string\"}}],\"inLanguage\":\"es\"},{\"@type\":\"Organization\",\"@id\":\"https:\\\/\\\/ultrasound3dimaging.com\\\/es\\\/#organization\",\"name\":\"A Glimpse of Me\",\"url\":\"https:\\\/\\\/ultrasound3dimaging.com\\\/es\\\/\",\"logo\":{\"@type\":\"ImageObject\",\"inLanguage\":\"es\",\"@id\":\"https:\\\/\\\/ultrasound3dimaging.com\\\/es\\\/#\\\/schema\\\/logo\\\/image\\\/\",\"url\":\"https:\\\/\\\/ultrasound3dimaging.com\\\/wp-content\\\/uploads\\\/2023\\\/07\\\/glimpse-logo.png\",\"contentUrl\":\"https:\\\/\\\/ultrasound3dimaging.com\\\/wp-content\\\/uploads\\\/2023\\\/07\\\/glimpse-logo.png\",\"width\":431,\"height\":431,\"caption\":\"A Glimpse of Me\"},\"image\":{\"@id\":\"https:\\\/\\\/ultrasound3dimaging.com\\\/es\\\/#\\\/schema\\\/logo\\\/image\\\/\"}}]}<\/script>\n<!-- \/ Yoast SEO plugin. -->","yoast_head_json":{"title":"Promociones de ecograf\u00edas de beb\u00e9s en Holbrook, NY | Un vistazo a m\u00ed","description":"A Glimpse of Me presenta promociones premium de ecograf\u00edas de beb\u00e9s en Holbrook, NY. Capta los hitos de tu beb\u00e9 con nuestras ecograf\u00edas especializadas.","robots":{"index":"index","follow":"follow","max-snippet":"max-snippet:-1","max-image-preview":"max-image-preview:large","max-video-preview":"max-video-preview:-1"},"canonical":"https:\/\/ultrasound3dimaging.com\/es\/promos\/","og_locale":"es_ES","og_type":"article","og_title":"Promociones de ecograf\u00edas de beb\u00e9s en Holbrook, NY | Un vistazo a m\u00ed","og_description":"A Glimpse of Me presenta promociones premium de ecograf\u00edas de beb\u00e9s en Holbrook, NY. Capta los hitos de tu beb\u00e9 con nuestras ecograf\u00edas especializadas.","og_url":"https:\/\/ultrasound3dimaging.com\/es\/promos\/","og_site_name":"A Glimpse of Me","article_modified_time":"2024-05-16T15:01:04+00:00","og_image":[{"url":"https:\/\/ultrasound3dimaging.com\/wp-content\/uploads\/2023\/10\/image0-9-1024x576.jpeg","type":"","width":"","height":""}],"twitter_card":"summary_large_image","schema":{"@context":"https:\/\/schema.org","@graph":[{"@type":"WebPage","@id":"https:\/\/ultrasound3dimaging.com\/es\/promos\/","url":"https:\/\/ultrasound3dimaging.com\/es\/promos\/","name":"Promociones de ecograf\u00edas de beb\u00e9s en Holbrook, NY | Un vistazo a m\u00ed","isPartOf":{"@id":"https:\/\/ultrasound3dimaging.com\/es\/#website"},"primaryImageOfPage":{"@id":"https:\/\/ultrasound3dimaging.com\/es\/promos\/#primaryimage"},"image":{"@id":"https:\/\/ultrasound3dimaging.com\/es\/promos\/#primaryimage"},"thumbnailUrl":"https:\/\/ultrasound3dimaging.com\/wp-content\/uploads\/2023\/10\/image0-9-1024x576.jpeg","datePublished":"2023-10-13T15:42:47+00:00","dateModified":"2024-05-16T15:01:04+00:00","description":"A Glimpse of Me presenta promociones premium de ecograf\u00edas de beb\u00e9s en Holbrook, NY. Capta los hitos de tu beb\u00e9 con nuestras ecograf\u00edas especializadas.","breadcrumb":{"@id":"https:\/\/ultrasound3dimaging.com\/es\/promos\/#breadcrumb"},"inLanguage":"es","potentialAction":[{"@type":"ReadAction","target":["https:\/\/ultrasound3dimaging.com\/es\/promos\/"]}]},{"@type":"ImageObject","inLanguage":"es","@id":"https:\/\/ultrasound3dimaging.com\/es\/promos\/#primaryimage","url":"https:\/\/ultrasound3dimaging.com\/wp-content\/uploads\/2023\/10\/image0-9-1024x576.jpeg","contentUrl":"https:\/\/ultrasound3dimaging.com\/wp-content\/uploads\/2023\/10\/image0-9-1024x576.jpeg"},{"@type":"BreadcrumbList","@id":"https:\/\/ultrasound3dimaging.com\/es\/promos\/#breadcrumb","itemListElement":[{"@type":"ListItem","position":1,"name":"Home","item":"https:\/\/ultrasound3dimaging.com\/es\/inicio\/"},{"@type":"ListItem","position":2,"name":"Promos"}]},{"@type":"WebSite","@id":"https:\/\/ultrasound3dimaging.com\/es\/#website","url":"https:\/\/ultrasound3dimaging.com\/es\/","name":"A Glimpse of Me","description":"Mobile Ultrasound &amp; 3d Imaging","publisher":{"@id":"https:\/\/ultrasound3dimaging.com\/es\/#organization"},"potentialAction":[{"@type":"SearchAction","target":{"@type":"EntryPoint","urlTemplate":"https:\/\/ultrasound3dimaging.com\/es\/?s={search_term_string}"},"query-input":{"@type":"PropertyValueSpecification","valueRequired":true,"valueName":"search_term_string"}}],"inLanguage":"es"},{"@type":"Organization","@id":"https:\/\/ultrasound3dimaging.com\/es\/#organization","name":"A Glimpse of Me","url":"https:\/\/ultrasound3dimaging.com\/es\/","logo":{"@type":"ImageObject","inLanguage":"es","@id":"https:\/\/ultrasound3dimaging.com\/es\/#\/schema\/logo\/image\/","url":"https:\/\/ultrasound3dimaging.com\/wp-content\/uploads\/2023\/07\/glimpse-logo.png","contentUrl":"https:\/\/ultrasound3dimaging.com\/wp-content\/uploads\/2023\/07\/glimpse-logo.png","width":431,"height":431,"caption":"A Glimpse of Me"},"image":{"@id":"https:\/\/ultrasound3dimaging.com\/es\/#\/schema\/logo\/image\/"}}]}},"_links":{"self":[{"href":"https:\/\/ultrasound3dimaging.com\/es\/wp-json\/wp\/v2\/pages\/2190","targetHints":{"allow":["GET"]}}],"collection":[{"href":"https:\/\/ultrasound3dimaging.com\/es\/wp-json\/wp\/v2\/pages"}],"about":[{"href":"https:\/\/ultrasound3dimaging.com\/es\/wp-json\/wp\/v2\/types\/page"}],"author":[{"embeddable":true,"href":"https:\/\/ultrasound3dimaging.com\/es\/wp-json\/wp\/v2\/users\/1"}],"replies":[{"embeddable":true,"href":"https:\/\/ultrasound3dimaging.com\/es\/wp-json\/wp\/v2\/comments?post=2190"}],"version-history":[{"count":1,"href":"https:\/\/ultrasound3dimaging.com\/es\/wp-json\/wp\/v2\/pages\/2190\/revisions"}],"predecessor-version":[{"id":2193,"href":"https:\/\/ultrasound3dimaging.com\/es\/wp-json\/wp\/v2\/pages\/2190\/revisions\/2193"}],"wp:attachment":[{"href":"https:\/\/ultrasound3dimaging.com\/es\/wp-json\/wp\/v2\/media?parent=2190"}],"curies":[{"name":"wp","href":"https:\/\/api.w.org\/{rel}","templated":true}]}}