{"id":2749,"date":"2026-02-10T07:08:19","date_gmt":"2026-02-10T07:08:19","guid":{"rendered":"https:\/\/ultrasound3dimaging.com\/ecografia-movil-3d-long-island-ny\/"},"modified":"2026-02-10T07:44:31","modified_gmt":"2026-02-10T07:44:31","slug":"ecografia-movil-3d-long-island-ny","status":"publish","type":"page","link":"https:\/\/ultrasound3dimaging.com\/es\/ecografia-movil-3d-long-island-ny\/","title":{"rendered":"Ecograf\u00eda m\u00f3vil 3D Long Island NY"},"content":{"rendered":"\t\t<div data-elementor-type=\"wp-page\" data-elementor-id=\"2749\" class=\"elementor elementor-2749 elementor-2744\">\n\t\t\t\t\t\t<section class=\"elementor-section elementor-top-section elementor-element elementor-element-b3fd0fd elementor-section-height-min-height elementor-section-stretched elementor-section-items-bottom elementor-section-boxed elementor-section-height-default\" data-id=\"b3fd0fd\" data-element_type=\"section\" data-e-type=\"section\" data-settings=\"{&quot;stretch_section&quot;:&quot;section-stretched&quot;,&quot;background_background&quot;:&quot;classic&quot;}\">\n\t\t\t\t\t\t\t<div class=\"elementor-background-overlay\"><\/div>\n\t\t\t\t\t\t\t<div class=\"elementor-container elementor-column-gap-default\">\n\t\t\t\t\t<div class=\"elementor-column elementor-col-50 elementor-top-column elementor-element elementor-element-1e7d41d\" data-id=\"1e7d41d\" data-element_type=\"column\" data-e-type=\"column\">\n\t\t\t<div class=\"elementor-widget-wrap elementor-element-populated\">\n\t\t\t\t\t\t<div class=\"elementor-element elementor-element-422d7df elementor-widget elementor-widget-heading\" data-id=\"422d7df\" data-element_type=\"widget\" data-e-type=\"widget\" data-widget_type=\"heading.default\">\n\t\t\t\t<div class=\"elementor-widget-container\">\n\t\t\t\t\t<h1 class=\"elementor-heading-title elementor-size-default\">Ecograf\u00eda 3d Long Island ny<\/h1>\t\t\t\t<\/div>\n\t\t\t\t<\/div>\n\t\t\t\t<div class=\"elementor-element elementor-element-e0f4741 elementor-widget elementor-widget-text-editor\" data-id=\"e0f4741\" data-element_type=\"widget\" data-e-type=\"widget\" data-widget_type=\"text-editor.default\">\n\t\t\t\t<div class=\"elementor-widget-container\">\n\t\t\t\t\t\t\t\t\t<p id=\"replaceWithId\" data-blockid=\"replaceWithId\" data-depth=\"0\" data-pm-slice=\"1 1 []\">Bienvenido a 3D Ultrasound Experience: El mejor servicio de im\u00e1genes prenatales de Long Island<\/p>\t\t\t\t\t\t\t\t<\/div>\n\t\t\t\t<\/div>\n\t\t\t\t<div class=\"elementor-element elementor-element-fdbfb44 elementor-widget-divider--view-line elementor-widget elementor-widget-divider\" data-id=\"fdbfb44\" data-element_type=\"widget\" data-e-type=\"widget\" data-widget_type=\"divider.default\">\n\t\t\t\t<div class=\"elementor-widget-container\">\n\t\t\t\t\t\t\t<div class=\"elementor-divider\">\n\t\t\t<span class=\"elementor-divider-separator\">\n\t\t\t\t\t\t<\/span>\n\t\t<\/div>\n\t\t\t\t\t\t<\/div>\n\t\t\t\t<\/div>\n\t\t\t\t\t<\/div>\n\t\t<\/div>\n\t\t\t\t<div class=\"elementor-column elementor-col-50 elementor-top-column elementor-element elementor-element-36070ab\" data-id=\"36070ab\" data-element_type=\"column\" data-e-type=\"column\">\n\t\t\t<div class=\"elementor-widget-wrap\">\n\t\t\t\t\t\t\t<\/div>\n\t\t<\/div>\n\t\t\t\t\t<\/div>\n\t\t<\/section>\n\t\t\t\t<section class=\"elementor-section elementor-top-section elementor-element elementor-element-74ef304 elementor-section-boxed elementor-section-height-default elementor-section-height-default\" data-id=\"74ef304\" data-element_type=\"section\" data-e-type=\"section\">\n\t\t\t\t\t\t<div class=\"elementor-container elementor-column-gap-default\">\n\t\t\t\t\t<div class=\"elementor-column elementor-col-100 elementor-top-column elementor-element elementor-element-70c1392\" data-id=\"70c1392\" data-element_type=\"column\" data-e-type=\"column\">\n\t\t\t<div class=\"elementor-widget-wrap elementor-element-populated\">\n\t\t\t\t\t\t<div class=\"elementor-element elementor-element-e833231 elementor-widget elementor-widget-text-editor\" data-id=\"e833231\" data-element_type=\"widget\" data-e-type=\"widget\" data-widget_type=\"text-editor.default\">\n\t\t\t\t<div class=\"elementor-widget-container\">\n\t\t\t\t\t\t\t\t\t<h2 id=\"replaceWithId\" data-blockid=\"replaceWithId\" data-depth=\"0\" data-pm-slice=\"1 1 []\">Revive la alegr\u00eda de tu embarazo con los servicios avanzados de diagn\u00f3stico por imagen<\/h2><p data-blockid=\"replaceWithId\" data-depth=\"0\">Futuros padres, \u00a1acomp\u00e1\u00f1anos en un emocionante viaje lleno de alegr\u00eda y expectaci\u00f3n! En 3D Ultrasound Experience, ofrecemos servicios de ecograf\u00eda 3D y 4D de \u00faltima generaci\u00f3n en Long Island, Nueva York. Nuestra tecnolog\u00eda de imagen 3D de vanguardia te permite establecer un v\u00ednculo con tu peque\u00f1o antes de que llegue. Siente la emoci\u00f3n y la conexi\u00f3n emocional al ver a tu beb\u00e9 moverse, bostezar \u00a1o incluso sonre\u00edr!   <\/p>\t\t\t\t\t\t\t\t<\/div>\n\t\t\t\t<\/div>\n\t\t\t\t\t<\/div>\n\t\t<\/div>\n\t\t\t\t\t<\/div>\n\t\t<\/section>\n\t\t\t\t<section class=\"elementor-section elementor-top-section elementor-element elementor-element-44a1c96 elementor-section-boxed elementor-section-height-default elementor-section-height-default\" data-id=\"44a1c96\" data-element_type=\"section\" data-e-type=\"section\" data-settings=\"{&quot;background_background&quot;:&quot;classic&quot;}\">\n\t\t\t\t\t\t<div class=\"elementor-container elementor-column-gap-default\">\n\t\t\t\t\t<div class=\"elementor-column elementor-col-100 elementor-top-column elementor-element elementor-element-31b6a61\" data-id=\"31b6a61\" data-element_type=\"column\" data-e-type=\"column\">\n\t\t\t<div class=\"elementor-widget-wrap elementor-element-populated\">\n\t\t\t\t\t\t<div class=\"elementor-element elementor-element-ca08ce5 elementor-widget elementor-widget-text-editor\" data-id=\"ca08ce5\" data-element_type=\"widget\" data-e-type=\"widget\" data-widget_type=\"text-editor.default\">\n\t\t\t\t<div class=\"elementor-widget-container\">\n\t\t\t\t\t\t\t\t\t<h3 id=\"replaceWithId\" data-blockid=\"replaceWithId\" data-depth=\"0\" data-pm-slice=\"1 3 []\">\u00bfPor qu\u00e9 elegir la Experiencia Ecogr\u00e1fica 3D?<\/h3>\n<ul data-blockid=\"replaceWithId\" data-markerformat=\"circle\" data-type=\"unordered_list\">\n \t<li data-depth=\"0\">\n<p data-blockid=\"replaceWithId\" data-depth=\"0\"><strong>Captura los hitos<\/strong>: Nuestros servicios de ecograf\u00eda de Long Island te permiten ser testigo de detalles incre\u00edbles, creando recuerdos eternos.<\/p>\n<\/li>\n \t<li data-depth=\"0\">\n<p data-blockid=\"replaceWithId\" data-depth=\"0\"><strong>Momentos de uni\u00f3n<\/strong>: Comparte preciosos momentos de im\u00e1genes prenatales con familiares y amigos, haciendo que cada latido sea inolvidable.<\/p>\n<\/li>\n \t<li data-depth=\"0\">\n<p data-blockid=\"replaceWithId\" data-depth=\"0\"><strong>Acceso c\u00f3modo<\/strong>: Llevamos el diagn\u00f3stico m\u00e9dico por imagen a tu puerta, garantizando un entorno relajado y c\u00f3modo.<\/p>\n<\/li>\n \t<li data-depth=\"0\">\n<p data-blockid=\"replaceWithId\" data-depth=\"0\"><strong>Atenci\u00f3n profesional<\/strong>: Nuestro equipo, atento y bien informado, se dedica a apoyarte durante todo el embarazo.<\/p>\n<\/li>\n<\/ul>\t\t\t\t\t\t\t\t<\/div>\n\t\t\t\t<\/div>\n\t\t\t\t\t<\/div>\n\t\t<\/div>\n\t\t\t\t\t<\/div>\n\t\t<\/section>\n\t\t\t\t<section class=\"elementor-section elementor-top-section elementor-element elementor-element-2fdcab5 elementor-section-boxed elementor-section-height-default elementor-section-height-default\" data-id=\"2fdcab5\" data-element_type=\"section\" data-e-type=\"section\">\n\t\t\t\t\t\t<div class=\"elementor-container elementor-column-gap-default\">\n\t\t\t\t\t<div class=\"elementor-column elementor-col-100 elementor-top-column elementor-element elementor-element-c3fa4f4\" data-id=\"c3fa4f4\" data-element_type=\"column\" data-e-type=\"column\">\n\t\t\t<div class=\"elementor-widget-wrap elementor-element-populated\">\n\t\t\t\t\t\t<div class=\"elementor-element elementor-element-54671c8 elementor-widget elementor-widget-text-editor\" data-id=\"54671c8\" data-element_type=\"widget\" data-e-type=\"widget\" data-widget_type=\"text-editor.default\">\n\t\t\t\t<div class=\"elementor-widget-container\">\n\t\t\t\t\t\t\t\t\t<h3 id=\"replaceWithId\" data-blockid=\"replaceWithId\" data-depth=\"0\" data-pm-slice=\"1 1 []\">Acercar a las familias<\/h3><p data-blockid=\"replaceWithId\" data-depth=\"0\">Imagina planificar la revelaci\u00f3n del sexo de tu beb\u00e9 o la fiesta del beb\u00e9 con im\u00e1genes ecogr\u00e1ficas n\u00edtidas que capten cada peque\u00f1o rasgo. Nuestros servicios de diagn\u00f3stico por imagen para beb\u00e9s en Long Island permiten a las familias celebrarlo juntas, haciendo que cada paso de este viaje sea especial. <\/p>\t\t\t\t\t\t\t\t<\/div>\n\t\t\t\t<\/div>\n\t\t\t\t\t<\/div>\n\t\t<\/div>\n\t\t\t\t\t<\/div>\n\t\t<\/section>\n\t\t\t\t<section class=\"elementor-section elementor-top-section elementor-element elementor-element-96d1554 elementor-section-boxed elementor-section-height-default elementor-section-height-default\" data-id=\"96d1554\" data-element_type=\"section\" data-e-type=\"section\" data-settings=\"{&quot;background_background&quot;:&quot;classic&quot;}\">\n\t\t\t\t\t\t<div class=\"elementor-container elementor-column-gap-default\">\n\t\t\t\t\t<div class=\"elementor-column elementor-col-100 elementor-top-column elementor-element elementor-element-ff509a0\" data-id=\"ff509a0\" data-element_type=\"column\" data-e-type=\"column\">\n\t\t\t<div class=\"elementor-widget-wrap elementor-element-populated\">\n\t\t\t\t\t\t<div class=\"elementor-element elementor-element-614c4d4 elementor-widget elementor-widget-text-editor\" data-id=\"614c4d4\" data-element_type=\"widget\" data-e-type=\"widget\" data-widget_type=\"text-editor.default\">\n\t\t\t\t<div class=\"elementor-widget-container\">\n\t\t\t\t\t\t\t\t\t<h3 id=\"replaceWithId\" data-blockid=\"replaceWithId\" data-depth=\"0\" data-pm-slice=\"1 1 []\">Qu\u00e9 esperar<\/h3><ul data-blockid=\"replaceWithId\" data-markerformat=\"circle\" data-type=\"unordered_list\"><li data-depth=\"0\"><p data-blockid=\"replaceWithId\" data-depth=\"0\"><strong>Sesiones personalizadas<\/strong>: Adaptadas a tus necesidades, garantizando una experiencia \u00fanica y personal.<\/p><\/li><li data-depth=\"0\"><p data-blockid=\"replaceWithId\" data-depth=\"0\"><strong>Im\u00e1genes de alta calidad<\/strong>: Im\u00e1genes n\u00edtidas que hacen que cada detalle cobre vida.<\/p><\/li><li data-depth=\"0\"><p data-blockid=\"replaceWithId\" data-depth=\"0\"><strong>Citas flexibles<\/strong>: Elige la hora y el lugar que mejor se adapten a tu apretada agenda.<\/p><\/li><\/ul><h3 id=\"replaceWithId\" data-blockid=\"replaceWithId\" data-depth=\"0\">\u00a1Creemos recuerdos juntos!<\/h3><p data-blockid=\"replaceWithId\" data-depth=\"0\">\u00danete a las innumerables familias que han disfrutado de su experiencia ecogr\u00e1fica con nosotros. \u00bfPreparada para crear recuerdos para toda la vida? Reserva hoy mismo tu ecograf\u00eda en Long Island y \u00a1que empiece la emoci\u00f3n!  <\/p><p data-blockid=\"replaceWithId\" data-depth=\"0\">\u00a1<a href=\"#\" target=\"_blank\" rel=\"noopener\">Empieza<\/a> con tu ecograf\u00eda 3D en Long Island!<\/p><p data-blockid=\"replaceWithId\" data-depth=\"0\">Vuelve a conectar con las alegr\u00edas de la espera, comparte el amor y crea recuerdos duraderos con tus seres queridos. \u00a1D\u00e9janos ser tu socio de confianza en este hermoso viaje! <\/p>\t\t\t\t\t\t\t\t<\/div>\n\t\t\t\t<\/div>\n\t\t\t\t\t<\/div>\n\t\t<\/div>\n\t\t\t\t\t<\/div>\n\t\t<\/section>\n\t\t\t\t<section class=\"elementor-section elementor-top-section elementor-element elementor-element-2bdcf4a elementor-section-boxed elementor-section-height-default elementor-section-height-default\" data-id=\"2bdcf4a\" data-element_type=\"section\" data-e-type=\"section\" data-settings=\"{&quot;background_background&quot;:&quot;gradient&quot;}\">\n\t\t\t\t\t\t<div class=\"elementor-container elementor-column-gap-default\">\n\t\t\t\t\t<div class=\"elementor-column elementor-col-100 elementor-top-column elementor-element elementor-element-0d0cbd0\" data-id=\"0d0cbd0\" data-element_type=\"column\" data-e-type=\"column\">\n\t\t\t<div class=\"elementor-widget-wrap elementor-element-populated\">\n\t\t\t\t\t\t<div class=\"elementor-element elementor-element-23a3b72 elementor-widget elementor-widget-heading\" data-id=\"23a3b72\" data-element_type=\"widget\" data-e-type=\"widget\" data-widget_type=\"heading.default\">\n\t\t\t\t<div class=\"elementor-widget-container\">\n\t\t\t\t\t<h2 class=\"elementor-heading-title elementor-size-default\">Llama para precios de m\u00f3vil o estudio<br> 631<a href=\"tel:16317668324\">.766.8324<\/a><\/h2>\t\t\t\t<\/div>\n\t\t\t\t<\/div>\n\t\t\t\t\t<\/div>\n\t\t<\/div>\n\t\t\t\t\t<\/div>\n\t\t<\/section>\n\t\t\t\t<\/div>\n\t\t","protected":false},"excerpt":{"rendered":"<p>Ecograf\u00eda 3d Long Island ny Bienvenido a 3D Ultrasound Experience: El mejor servicio de im\u00e1genes prenatales [&hellip;]<\/p>\n","protected":false},"author":1,"featured_media":0,"parent":0,"menu_order":0,"comment_status":"closed","ping_status":"closed","template":"","meta":{"site-sidebar-layout":"no-sidebar","site-content-layout":"page-builder","ast-site-content-layout":"full-width-container","site-content-style":"unboxed","site-sidebar-style":"unboxed","ast-global-header-display":"","ast-banner-title-visibility":"","ast-main-header-display":"","ast-hfb-above-header-display":"","ast-hfb-below-header-display":"","ast-hfb-mobile-header-display":"","site-post-title":"disabled","ast-breadcrumbs-content":"","ast-featured-img":"disabled","footer-sml-layout":"","theme-transparent-header-meta":"default","adv-header-id-meta":"","stick-header-meta":"default","header-above-stick-meta":"","header-main-stick-meta":"","header-below-stick-meta":"","astra-migrate-meta-layouts":"default","ast-page-background-enabled":"default","ast-page-background-meta":{"desktop":{"background-color":"","background-image":"","background-repeat":"repeat","background-position":"center center","background-size":"auto","background-attachment":"scroll","background-type":"","background-media":"","overlay-type":"","overlay-color":"","overlay-opacity":"","overlay-gradient":""},"tablet":{"background-color":"","background-image":"","background-repeat":"repeat","background-position":"center center","background-size":"auto","background-attachment":"scroll","background-type":"","background-media":"","overlay-type":"","overlay-color":"","overlay-opacity":"","overlay-gradient":""},"mobile":{"background-color":"","background-image":"","background-repeat":"repeat","background-position":"center center","background-size":"auto","background-attachment":"scroll","background-type":"","background-media":"","overlay-type":"","overlay-color":"","overlay-opacity":"","overlay-gradient":""}},"ast-content-background-meta":{"desktop":{"background-color":"var(--ast-global-color-5)","background-image":"","background-repeat":"repeat","background-position":"center center","background-size":"auto","background-attachment":"scroll","background-type":"","background-media":"","overlay-type":"","overlay-color":"","overlay-opacity":"","overlay-gradient":""},"tablet":{"background-color":"var(--ast-global-color-5)","background-image":"","background-repeat":"repeat","background-position":"center center","background-size":"auto","background-attachment":"scroll","background-type":"","background-media":"","overlay-type":"","overlay-color":"","overlay-opacity":"","overlay-gradient":""},"mobile":{"background-color":"var(--ast-global-color-5)","background-image":"","background-repeat":"repeat","background-position":"center center","background-size":"auto","background-attachment":"scroll","background-type":"","background-media":"","overlay-type":"","overlay-color":"","overlay-opacity":"","overlay-gradient":""}},"footnotes":""},"class_list":["post-2749","page","type-page","status-publish","hentry"],"yoast_head":"<!-- This site is optimized with the Yoast SEO plugin v27.3 - https:\/\/yoast.com\/product\/yoast-seo-wordpress\/ -->\n<title>Paquetes de ecograf\u00eda para beb\u00e9s en Holbrook, NY | A Glimpse of Me<\/title>\n<meta name=\"description\" content=\"A Glimpse of Me presenta paquetes premium de ecograf\u00edas de beb\u00e9s en Holbrook, NY. Capta los hitos de tu beb\u00e9 con nuestras ecograf\u00edas especializadas.\" \/>\n<meta name=\"robots\" content=\"index, follow, max-snippet:-1, max-image-preview:large, max-video-preview:-1\" \/>\n<link rel=\"canonical\" href=\"https:\/\/ultrasound3dimaging.com\/es\/ecografia-movil-3d-long-island-ny\/\" \/>\n<meta property=\"og:locale\" content=\"es_ES\" \/>\n<meta property=\"og:type\" content=\"article\" \/>\n<meta property=\"og:title\" content=\"Paquetes de ecograf\u00eda para beb\u00e9s en Holbrook, NY | A Glimpse of Me\" \/>\n<meta property=\"og:description\" content=\"A Glimpse of Me presenta paquetes premium de ecograf\u00edas de beb\u00e9s en Holbrook, NY. Capta los hitos de tu beb\u00e9 con nuestras ecograf\u00edas especializadas.\" \/>\n<meta property=\"og:url\" content=\"https:\/\/ultrasound3dimaging.com\/es\/ecografia-movil-3d-long-island-ny\/\" \/>\n<meta property=\"og:site_name\" content=\"A Glimpse of Me\" \/>\n<meta property=\"article:modified_time\" content=\"2026-02-10T07:44:31+00:00\" \/>\n<meta name=\"twitter:card\" content=\"summary_large_image\" \/>\n<meta name=\"twitter:label1\" content=\"Tiempo de lectura\" \/>\n\t<meta name=\"twitter:data1\" content=\"2 minutos\" \/>\n<script type=\"application\/ld+json\" class=\"yoast-schema-graph\">{\"@context\":\"https:\\\/\\\/schema.org\",\"@graph\":[{\"@type\":\"WebPage\",\"@id\":\"https:\\\/\\\/ultrasound3dimaging.com\\\/es\\\/ecografia-movil-3d-long-island-ny\\\/\",\"url\":\"https:\\\/\\\/ultrasound3dimaging.com\\\/es\\\/ecografia-movil-3d-long-island-ny\\\/\",\"name\":\"Paquetes de ecograf\u00eda para beb\u00e9s en Holbrook, NY | A Glimpse of Me\",\"isPartOf\":{\"@id\":\"https:\\\/\\\/ultrasound3dimaging.com\\\/es\\\/#website\"},\"datePublished\":\"2026-02-10T07:08:19+00:00\",\"dateModified\":\"2026-02-10T07:44:31+00:00\",\"description\":\"A Glimpse of Me presenta paquetes premium de ecograf\u00edas de beb\u00e9s en Holbrook, NY. Capta los hitos de tu beb\u00e9 con nuestras ecograf\u00edas especializadas.\",\"breadcrumb\":{\"@id\":\"https:\\\/\\\/ultrasound3dimaging.com\\\/es\\\/ecografia-movil-3d-long-island-ny\\\/#breadcrumb\"},\"inLanguage\":\"es\",\"potentialAction\":[{\"@type\":\"ReadAction\",\"target\":[\"https:\\\/\\\/ultrasound3dimaging.com\\\/es\\\/ecografia-movil-3d-long-island-ny\\\/\"]}]},{\"@type\":\"BreadcrumbList\",\"@id\":\"https:\\\/\\\/ultrasound3dimaging.com\\\/es\\\/ecografia-movil-3d-long-island-ny\\\/#breadcrumb\",\"itemListElement\":[{\"@type\":\"ListItem\",\"position\":1,\"name\":\"Home\",\"item\":\"https:\\\/\\\/ultrasound3dimaging.com\\\/es\\\/inicio\\\/\"},{\"@type\":\"ListItem\",\"position\":2,\"name\":\"Ecograf\u00eda m\u00f3vil 3D Long Island NY\"}]},{\"@type\":\"WebSite\",\"@id\":\"https:\\\/\\\/ultrasound3dimaging.com\\\/es\\\/#website\",\"url\":\"https:\\\/\\\/ultrasound3dimaging.com\\\/es\\\/\",\"name\":\"A Glimpse of Me\",\"description\":\"Mobile Ultrasound &amp; 3d Imaging\",\"publisher\":{\"@id\":\"https:\\\/\\\/ultrasound3dimaging.com\\\/es\\\/#organization\"},\"potentialAction\":[{\"@type\":\"SearchAction\",\"target\":{\"@type\":\"EntryPoint\",\"urlTemplate\":\"https:\\\/\\\/ultrasound3dimaging.com\\\/es\\\/?s={search_term_string}\"},\"query-input\":{\"@type\":\"PropertyValueSpecification\",\"valueRequired\":true,\"valueName\":\"search_term_string\"}}],\"inLanguage\":\"es\"},{\"@type\":\"Organization\",\"@id\":\"https:\\\/\\\/ultrasound3dimaging.com\\\/es\\\/#organization\",\"name\":\"A Glimpse of Me\",\"url\":\"https:\\\/\\\/ultrasound3dimaging.com\\\/es\\\/\",\"logo\":{\"@type\":\"ImageObject\",\"inLanguage\":\"es\",\"@id\":\"https:\\\/\\\/ultrasound3dimaging.com\\\/es\\\/#\\\/schema\\\/logo\\\/image\\\/\",\"url\":\"https:\\\/\\\/ultrasound3dimaging.com\\\/wp-content\\\/uploads\\\/2023\\\/07\\\/glimpse-logo.png\",\"contentUrl\":\"https:\\\/\\\/ultrasound3dimaging.com\\\/wp-content\\\/uploads\\\/2023\\\/07\\\/glimpse-logo.png\",\"width\":431,\"height\":431,\"caption\":\"A Glimpse of Me\"},\"image\":{\"@id\":\"https:\\\/\\\/ultrasound3dimaging.com\\\/es\\\/#\\\/schema\\\/logo\\\/image\\\/\"}}]}<\/script>\n<!-- \/ Yoast SEO plugin. -->","yoast_head_json":{"title":"Paquetes de ecograf\u00eda para beb\u00e9s en Holbrook, NY | A Glimpse of Me","description":"A Glimpse of Me presenta paquetes premium de ecograf\u00edas de beb\u00e9s en Holbrook, NY. Capta los hitos de tu beb\u00e9 con nuestras ecograf\u00edas especializadas.","robots":{"index":"index","follow":"follow","max-snippet":"max-snippet:-1","max-image-preview":"max-image-preview:large","max-video-preview":"max-video-preview:-1"},"canonical":"https:\/\/ultrasound3dimaging.com\/es\/ecografia-movil-3d-long-island-ny\/","og_locale":"es_ES","og_type":"article","og_title":"Paquetes de ecograf\u00eda para beb\u00e9s en Holbrook, NY | A Glimpse of Me","og_description":"A Glimpse of Me presenta paquetes premium de ecograf\u00edas de beb\u00e9s en Holbrook, NY. Capta los hitos de tu beb\u00e9 con nuestras ecograf\u00edas especializadas.","og_url":"https:\/\/ultrasound3dimaging.com\/es\/ecografia-movil-3d-long-island-ny\/","og_site_name":"A Glimpse of Me","article_modified_time":"2026-02-10T07:44:31+00:00","twitter_card":"summary_large_image","twitter_misc":{"Tiempo de lectura":"2 minutos"},"schema":{"@context":"https:\/\/schema.org","@graph":[{"@type":"WebPage","@id":"https:\/\/ultrasound3dimaging.com\/es\/ecografia-movil-3d-long-island-ny\/","url":"https:\/\/ultrasound3dimaging.com\/es\/ecografia-movil-3d-long-island-ny\/","name":"Paquetes de ecograf\u00eda para beb\u00e9s en Holbrook, NY | A Glimpse of Me","isPartOf":{"@id":"https:\/\/ultrasound3dimaging.com\/es\/#website"},"datePublished":"2026-02-10T07:08:19+00:00","dateModified":"2026-02-10T07:44:31+00:00","description":"A Glimpse of Me presenta paquetes premium de ecograf\u00edas de beb\u00e9s en Holbrook, NY. Capta los hitos de tu beb\u00e9 con nuestras ecograf\u00edas especializadas.","breadcrumb":{"@id":"https:\/\/ultrasound3dimaging.com\/es\/ecografia-movil-3d-long-island-ny\/#breadcrumb"},"inLanguage":"es","potentialAction":[{"@type":"ReadAction","target":["https:\/\/ultrasound3dimaging.com\/es\/ecografia-movil-3d-long-island-ny\/"]}]},{"@type":"BreadcrumbList","@id":"https:\/\/ultrasound3dimaging.com\/es\/ecografia-movil-3d-long-island-ny\/#breadcrumb","itemListElement":[{"@type":"ListItem","position":1,"name":"Home","item":"https:\/\/ultrasound3dimaging.com\/es\/inicio\/"},{"@type":"ListItem","position":2,"name":"Ecograf\u00eda m\u00f3vil 3D Long Island NY"}]},{"@type":"WebSite","@id":"https:\/\/ultrasound3dimaging.com\/es\/#website","url":"https:\/\/ultrasound3dimaging.com\/es\/","name":"A Glimpse of Me","description":"Mobile Ultrasound &amp; 3d Imaging","publisher":{"@id":"https:\/\/ultrasound3dimaging.com\/es\/#organization"},"potentialAction":[{"@type":"SearchAction","target":{"@type":"EntryPoint","urlTemplate":"https:\/\/ultrasound3dimaging.com\/es\/?s={search_term_string}"},"query-input":{"@type":"PropertyValueSpecification","valueRequired":true,"valueName":"search_term_string"}}],"inLanguage":"es"},{"@type":"Organization","@id":"https:\/\/ultrasound3dimaging.com\/es\/#organization","name":"A Glimpse of Me","url":"https:\/\/ultrasound3dimaging.com\/es\/","logo":{"@type":"ImageObject","inLanguage":"es","@id":"https:\/\/ultrasound3dimaging.com\/es\/#\/schema\/logo\/image\/","url":"https:\/\/ultrasound3dimaging.com\/wp-content\/uploads\/2023\/07\/glimpse-logo.png","contentUrl":"https:\/\/ultrasound3dimaging.com\/wp-content\/uploads\/2023\/07\/glimpse-logo.png","width":431,"height":431,"caption":"A Glimpse of Me"},"image":{"@id":"https:\/\/ultrasound3dimaging.com\/es\/#\/schema\/logo\/image\/"}}]}},"_links":{"self":[{"href":"https:\/\/ultrasound3dimaging.com\/es\/wp-json\/wp\/v2\/pages\/2749","targetHints":{"allow":["GET"]}}],"collection":[{"href":"https:\/\/ultrasound3dimaging.com\/es\/wp-json\/wp\/v2\/pages"}],"about":[{"href":"https:\/\/ultrasound3dimaging.com\/es\/wp-json\/wp\/v2\/types\/page"}],"author":[{"embeddable":true,"href":"https:\/\/ultrasound3dimaging.com\/es\/wp-json\/wp\/v2\/users\/1"}],"replies":[{"embeddable":true,"href":"https:\/\/ultrasound3dimaging.com\/es\/wp-json\/wp\/v2\/comments?post=2749"}],"version-history":[{"count":2,"href":"https:\/\/ultrasound3dimaging.com\/es\/wp-json\/wp\/v2\/pages\/2749\/revisions"}],"predecessor-version":[{"id":2754,"href":"https:\/\/ultrasound3dimaging.com\/es\/wp-json\/wp\/v2\/pages\/2749\/revisions\/2754"}],"wp:attachment":[{"href":"https:\/\/ultrasound3dimaging.com\/es\/wp-json\/wp\/v2\/media?parent=2749"}],"curies":[{"name":"wp","href":"https:\/\/api.w.org\/{rel}","templated":true}]}}