{"id":2908,"date":"2026-04-13T06:26:23","date_gmt":"2026-04-13T06:26:23","guid":{"rendered":"https:\/\/ultrasound3dimaging.com\/ecografia-movil-3d-4d-5d\/ecografia-3d-long-island-ny\/"},"modified":"2026-04-13T06:43:05","modified_gmt":"2026-04-13T06:43:05","slug":"ecografia-3d-long-island-ny","status":"publish","type":"page","link":"https:\/\/ultrasound3dimaging.com\/es\/ecografia-movil-3d-4d-5d\/ecografia-3d-long-island-ny\/","title":{"rendered":"Ecograf\u00eda 3D Long Island NY"},"content":{"rendered":"\t\t<div data-elementor-type=\"wp-page\" data-elementor-id=\"2908\" class=\"elementor elementor-2908 elementor-2903\">\n\t\t\t\t\t\t<section class=\"elementor-section elementor-top-section elementor-element elementor-element-66f7a41 elementor-section-height-min-height elementor-section-items-bottom elementor-section-boxed elementor-section-height-default\" data-id=\"66f7a41\" data-element_type=\"section\" data-e-type=\"section\" data-settings=\"{&quot;background_background&quot;:&quot;classic&quot;}\">\n\t\t\t\t\t\t\t<div class=\"elementor-background-overlay\"><\/div>\n\t\t\t\t\t\t\t<div class=\"elementor-container elementor-column-gap-default\">\n\t\t\t\t\t<div class=\"elementor-column elementor-col-50 elementor-top-column elementor-element elementor-element-f2e890b\" data-id=\"f2e890b\" data-element_type=\"column\" data-e-type=\"column\">\n\t\t\t<div class=\"elementor-widget-wrap elementor-element-populated\">\n\t\t\t\t\t\t<div class=\"elementor-element elementor-element-233cd76 elementor-widget elementor-widget-heading\" data-id=\"233cd76\" data-element_type=\"widget\" data-e-type=\"widget\" data-widget_type=\"heading.default\">\n\t\t\t\t<div class=\"elementor-widget-container\">\n\t\t\t\t\t<h1 class=\"elementor-heading-title elementor-size-default\">Ecograf\u00eda 3D Long Island NY (Experiencia en casa)<\/h1>\t\t\t\t<\/div>\n\t\t\t\t<\/div>\n\t\t\t\t<div class=\"elementor-element elementor-element-715b26e elementor-widget elementor-widget-text-editor\" data-id=\"715b26e\" data-element_type=\"widget\" data-e-type=\"widget\" data-widget_type=\"text-editor.default\">\n\t\t\t\t<div class=\"elementor-widget-container\">\n\t\t\t\t\t\t\t\t\t<p>Nuestros servicios de ecograf\u00eda 3D en Long Island, NY, te permiten ver los rasgos faciales de tu beb\u00e9 con una claridad incre\u00edble, todo ello desde la comodidad de tu propia casa. En A Glimpse of Me, te llevamos la experiencia completa directamente a ti, con una tecnolog\u00eda de ecograf\u00eda m\u00f3vil dise\u00f1ada para la uni\u00f3n, la comodidad y la conveniencia. <\/p>\t\t\t\t\t\t\t\t<\/div>\n\t\t\t\t<\/div>\n\t\t\t\t<div class=\"elementor-element elementor-element-3b58e1c elementor-widget-divider--view-line elementor-widget elementor-widget-divider\" data-id=\"3b58e1c\" data-element_type=\"widget\" data-e-type=\"widget\" data-widget_type=\"divider.default\">\n\t\t\t\t<div class=\"elementor-widget-container\">\n\t\t\t\t\t\t\t<div class=\"elementor-divider\">\n\t\t\t<span class=\"elementor-divider-separator\">\n\t\t\t\t\t\t<\/span>\n\t\t<\/div>\n\t\t\t\t\t\t<\/div>\n\t\t\t\t<\/div>\n\t\t\t\t\t<\/div>\n\t\t<\/div>\n\t\t\t\t<div class=\"elementor-column elementor-col-50 elementor-top-column elementor-element elementor-element-232d38e\" data-id=\"232d38e\" data-element_type=\"column\" data-e-type=\"column\">\n\t\t\t<div class=\"elementor-widget-wrap\">\n\t\t\t\t\t\t\t<\/div>\n\t\t<\/div>\n\t\t\t\t\t<\/div>\n\t\t<\/section>\n\t\t\t\t<section class=\"elementor-section elementor-top-section elementor-element elementor-element-0c3fa6c elementor-section-boxed elementor-section-height-default elementor-section-height-default\" data-id=\"0c3fa6c\" data-element_type=\"section\" data-e-type=\"section\">\n\t\t\t\t\t\t<div class=\"elementor-container elementor-column-gap-default\">\n\t\t\t\t\t<div class=\"elementor-column elementor-col-100 elementor-top-column elementor-element elementor-element-86af206\" data-id=\"86af206\" data-element_type=\"column\" data-e-type=\"column\">\n\t\t\t<div class=\"elementor-widget-wrap elementor-element-populated\">\n\t\t\t\t\t\t<div class=\"elementor-element elementor-element-4433c1a elementor-widget elementor-widget-heading\" data-id=\"4433c1a\" data-element_type=\"widget\" data-e-type=\"widget\" data-widget_type=\"heading.default\">\n\t\t\t\t<div class=\"elementor-widget-container\">\n\t\t\t\t\t<h3 class=\"elementor-heading-title elementor-size-default\">Experimenta a tu beb\u00e9 con asombroso detalle gracias a la ecograf\u00eda 3D<\/h3>\t\t\t\t<\/div>\n\t\t\t\t<\/div>\n\t\t\t\t<div class=\"elementor-element elementor-element-55433b3 elementor-widget elementor-widget-text-editor\" data-id=\"55433b3\" data-element_type=\"widget\" data-e-type=\"widget\" data-widget_type=\"text-editor.default\">\n\t\t\t\t<div class=\"elementor-widget-container\">\n\t\t\t\t\t\t\t\t\t<p data-start=\"744\" data-end=\"904\">A diferencia de las ecograf\u00edas tradicionales en 2D, la ecograf\u00eda en 3D crea una imagen fija y realista de tu beb\u00e9, que te permite ver expresiones faciales y detalles que nunca olvidar\u00e1s.<\/p>\t\t\t\t\t\t\t\t<\/div>\n\t\t\t\t<\/div>\n\t\t\t\t\t<\/div>\n\t\t<\/div>\n\t\t\t\t\t<\/div>\n\t\t<\/section>\n\t\t\t\t<section class=\"elementor-section elementor-top-section elementor-element elementor-element-7a37e52 elementor-section-boxed elementor-section-height-default elementor-section-height-default\" data-id=\"7a37e52\" data-element_type=\"section\" data-e-type=\"section\">\n\t\t\t\t\t\t<div class=\"elementor-container elementor-column-gap-default\">\n\t\t\t\t\t<div class=\"elementor-column elementor-col-50 elementor-top-column elementor-element elementor-element-a2c4e2a\" data-id=\"a2c4e2a\" data-element_type=\"column\" data-e-type=\"column\">\n\t\t\t<div class=\"elementor-widget-wrap elementor-element-populated\">\n\t\t\t\t\t\t<div class=\"elementor-element elementor-element-0faec6e elementor-widget elementor-widget-heading\" data-id=\"0faec6e\" data-element_type=\"widget\" data-e-type=\"widget\" data-widget_type=\"heading.default\">\n\t\t\t\t<div class=\"elementor-widget-container\">\n\t\t\t\t\t<h4 class=\"elementor-heading-title elementor-size-default\">Ecograf\u00eda 3D m\u00f3vil - Vamos a tu casa<\/h4>\t\t\t\t<\/div>\n\t\t\t\t<\/div>\n\t\t\t\t<div class=\"elementor-element elementor-element-78be161 elementor-widget elementor-widget-text-editor\" data-id=\"78be161\" data-element_type=\"widget\" data-e-type=\"widget\" data-widget_type=\"text-editor.default\">\n\t\t\t\t<div class=\"elementor-widget-container\">\n\t\t\t\t\t\t\t\t\t<p data-start=\"957\" data-end=\"985\">Sin salas de espera. Sin estr\u00e9s. <\/p><p data-start=\"987\" data-end=\"1063\">Ofrecemos <strong data-start=\"998\" data-end=\"1051\">servicios de ecograf\u00eda 3D a domicilio en todo Long Island<\/strong>, incluidos:<\/p><ul data-start=\"1064\" data-end=\"1159\"><li data-section-id=\"1n159uk\" data-start=\"1064\" data-end=\"1080\">Condado de Suffolk<\/li><li data-section-id=\"m1jqax\" data-start=\"1081\" data-end=\"1096\">Condado de Nassau<\/li><li data-section-id=\"16hyx0j\" data-start=\"1097\" data-end=\"1111\">Holbrook, NY<\/li><li data-section-id=\"qe6522\" data-start=\"1112\" data-end=\"1131\">Zonas circundantes<\/li><li data-section-id=\"1f4ibfy\" data-start=\"1132\" data-end=\"1159\">Distritos de Nueva York (a petici\u00f3n)<\/li><\/ul><p data-start=\"1161\" data-end=\"1229\">Perfecto para las familias que desean una experiencia privada y relajada para estrechar lazos.<\/p>\t\t\t\t\t\t\t\t<\/div>\n\t\t\t\t<\/div>\n\t\t\t\t\t<\/div>\n\t\t<\/div>\n\t\t\t\t<div class=\"elementor-column elementor-col-50 elementor-top-column elementor-element elementor-element-f8f02a1\" data-id=\"f8f02a1\" data-element_type=\"column\" data-e-type=\"column\">\n\t\t\t<div class=\"elementor-widget-wrap elementor-element-populated\">\n\t\t\t\t\t\t<div class=\"elementor-element elementor-element-4ea21b9 elementor-widget elementor-widget-heading\" data-id=\"4ea21b9\" data-element_type=\"widget\" data-e-type=\"widget\" data-widget_type=\"heading.default\">\n\t\t\t\t<div class=\"elementor-widget-container\">\n\t\t\t\t\t<h4 class=\"elementor-heading-title elementor-size-default\">Nuestro estudio de ecograf\u00eda 3D<\/h4>\t\t\t\t<\/div>\n\t\t\t\t<\/div>\n\t\t\t\t<div class=\"elementor-element elementor-element-6896981 elementor-widget elementor-widget-text-editor\" data-id=\"6896981\" data-element_type=\"widget\" data-e-type=\"widget\" data-widget_type=\"text-editor.default\">\n\t\t\t\t<div class=\"elementor-widget-container\">\n\t\t\t\t\t\t\t\t\t<p data-start=\"957\" data-end=\"985\">Elige venir a nuestro bonito y c\u00f3modo estudio.<\/p><p data-start=\"987\" data-end=\"1063\">Proporcionamos <b>un entorno seguro y reconfortante para tu precioso momento en Holbrook NY.<\/b><\/p><p data-start=\"1161\" data-end=\"1229\"> <\/p>\t\t\t\t\t\t\t\t<\/div>\n\t\t\t\t<\/div>\n\t\t\t\t\t<\/div>\n\t\t<\/div>\n\t\t\t\t\t<\/div>\n\t\t<\/section>\n\t\t\t\t<section class=\"elementor-section elementor-top-section elementor-element elementor-element-9a96262 elementor-section-boxed elementor-section-height-default elementor-section-height-default\" data-id=\"9a96262\" data-element_type=\"section\" data-e-type=\"section\">\n\t\t\t\t\t\t<div class=\"elementor-container elementor-column-gap-default\">\n\t\t\t\t\t<div class=\"elementor-column elementor-col-100 elementor-top-column elementor-element elementor-element-025ef17\" data-id=\"025ef17\" data-element_type=\"column\" data-e-type=\"column\">\n\t\t\t<div class=\"elementor-widget-wrap elementor-element-populated\">\n\t\t\t\t\t\t<div class=\"elementor-element elementor-element-1d3e527 elementor-widget elementor-widget-text-editor\" data-id=\"1d3e527\" data-element_type=\"widget\" data-e-type=\"widget\" data-widget_type=\"text-editor.default\">\n\t\t\t\t<div class=\"elementor-widget-container\">\n\t\t\t\t\t\t\t\t\t<h3 data-section-id=\"1jx0wow\" data-start=\"1236\" data-end=\"1285\">\u00bfCu\u00e1ndo es el mejor momento para una ecograf\u00eda 3D?<\/h3><p data-start=\"1287\" data-end=\"1307\">La ventana ideal es:<\/p><ul data-start=\"1308\" data-end=\"1325\"><li data-section-id=\"14xj3v7\" data-start=\"1308\" data-end=\"1325\"><strong data-start=\"1310\" data-end=\"1325\">24-32 semanas<\/strong><\/li><\/ul><p data-start=\"1327\" data-end=\"1434\">Durante este tiempo, tu beb\u00e9 ha desarrollado suficiente grasa para tener rasgos faciales claros, pero a\u00fan tiene espacio para moverse.<\/p><hr data-start=\"1436\" data-end=\"1439\"><h3 data-section-id=\"18bq1gj\" data-start=\"1441\" data-end=\"1473\">\u00bfPor qu\u00e9 elegir la ecograf\u00eda 3D?<\/h3><ul data-start=\"1475\" data-end=\"1619\"><li data-section-id=\"1m8uok5\" data-start=\"1475\" data-end=\"1505\">Ve claramente la cara de tu beb\u00e9<\/li><li data-section-id=\"1t7nzh\" data-start=\"1506\" data-end=\"1541\">Captura im\u00e1genes de recuerdo memorables<\/li><li data-section-id=\"1gjf9fw\" data-start=\"1542\" data-end=\"1584\">Comparte la experiencia con la familia en casa<\/li><li data-section-id=\"187w3w8\" data-start=\"1585\" data-end=\"1619\">Entorno c\u00f3modo y privado<\/li><\/ul><hr data-start=\"1621\" data-end=\"1624\"><h3 data-section-id=\"1qvfj7f\" data-start=\"1626\" data-end=\"1648\">Qu\u00e9 incluye<\/h3><ul data-start=\"1650\" data-end=\"1776\"><li data-section-id=\"16harf7\" data-start=\"1650\" data-end=\"1675\">Im\u00e1genes 3D de alta calidad<\/li><li data-section-id=\"v9trov\" data-start=\"1676\" data-end=\"1707\">Im\u00e1genes impresas y\/o digitales<\/li><li data-section-id=\"dr4992\" data-start=\"1708\" data-end=\"1738\">Confirmaci\u00f3n de g\u00e9nero opcional<\/li><li data-section-id=\"aj5apr\" data-start=\"1739\" data-end=\"1776\">Ambiente de sesi\u00f3n familiar<\/li><\/ul>\t\t\t\t\t\t\t\t<\/div>\n\t\t\t\t<\/div>\n\t\t\t\t\t<\/div>\n\t\t<\/div>\n\t\t\t\t\t<\/div>\n\t\t<\/section>\n\t\t\t\t<section class=\"elementor-section elementor-top-section elementor-element elementor-element-1449c75 elementor-section-boxed elementor-section-height-default elementor-section-height-default\" data-id=\"1449c75\" data-element_type=\"section\" data-e-type=\"section\">\n\t\t\t\t\t\t<div class=\"elementor-container elementor-column-gap-default\">\n\t\t\t\t\t<div class=\"elementor-column elementor-col-100 elementor-top-column elementor-element elementor-element-ecae053\" data-id=\"ecae053\" data-element_type=\"column\" data-e-type=\"column\">\n\t\t\t<div class=\"elementor-widget-wrap elementor-element-populated\">\n\t\t\t\t\t\t<div class=\"elementor-element elementor-element-4dfc618 elementor-widget elementor-widget-eael-adv-accordion\" data-id=\"4dfc618\" data-element_type=\"widget\" data-e-type=\"widget\" data-widget_type=\"eael-adv-accordion.default\">\n\t\t\t\t<div class=\"elementor-widget-container\">\n\t\t\t\t\t            <div class=\"eael-adv-accordion\" id=\"eael-adv-accordion-4dfc618\" data-scroll-on-click=\"no\" data-scroll-speed=\"300\" data-accordion-id=\"4dfc618\" data-accordion-type=\"accordion\" data-toogle-speed=\"300\">\n            <div class=\"eael-accordion-list\">\n\t\t\t\t\t<div id=\"es-segura-la-ecografa-3d\" class=\"elementor-tab-title eael-accordion-header\" tabindex=\"0\" data-tab=\"1\" aria-controls=\"elementor-tab-content-8171\"><span class=\"eael-advanced-accordion-icon-closed\"><i aria-hidden=\"true\" class=\"fa-accordion-icon fas fa-plus\"><\/i><\/span><span class=\"eael-advanced-accordion-icon-opened\"><i aria-hidden=\"true\" class=\"fa-accordion-icon fas fa-minus\"><\/i><\/span><span class=\"eael-accordion-tab-title\">\u00bfEs segura la ecograf\u00eda 3D?<\/span><i aria-hidden=\"true\" class=\"fa-toggle fas fa-angle-right\"><\/i><\/div><div id=\"elementor-tab-content-8171\" class=\"eael-accordion-content clearfix\" data-tab=\"1\" aria-labelledby=\"es-segura-la-ecografa-3d\"><p>S\u00ed, utiliza la misma tecnolog\u00eda segura de ultrasonidos que se emplea en entornos m\u00e9dicos.<\/p>\n<\/div>\n\t\t\t\t\t<\/div><div class=\"eael-accordion-list\">\n\t\t\t\t\t<div id=\"viajas-a-apartamentos\" class=\"elementor-tab-title eael-accordion-header\" tabindex=\"0\" data-tab=\"2\" aria-controls=\"elementor-tab-content-8172\"><span class=\"eael-advanced-accordion-icon-closed\"><i aria-hidden=\"true\" class=\"fa-accordion-icon fas fa-plus\"><\/i><\/span><span class=\"eael-advanced-accordion-icon-opened\"><i aria-hidden=\"true\" class=\"fa-accordion-icon fas fa-minus\"><\/i><\/span><span class=\"eael-accordion-tab-title\">\u00bfViajas a apartamentos?<\/span><i aria-hidden=\"true\" class=\"fa-toggle fas fa-angle-right\"><\/i><\/div><div id=\"elementor-tab-content-8172\" class=\"eael-accordion-content clearfix\" data-tab=\"2\" aria-labelledby=\"viajas-a-apartamentos\"><p>S\u00ed, damos servicio a casas, apartamentos y lugares privados, dependiendo de la ubicaci\u00f3n.<\/p>\n<\/div>\n\t\t\t\t\t<\/div><div class=\"eael-accordion-list\">\n\t\t\t\t\t<div id=\"tienes-un-estudio-de-ultrasonidos\" class=\"elementor-tab-title eael-accordion-header\" tabindex=\"0\" data-tab=\"3\" aria-controls=\"elementor-tab-content-8173\"><span class=\"eael-advanced-accordion-icon-closed\"><i aria-hidden=\"true\" class=\"fa-accordion-icon fas fa-plus\"><\/i><\/span><span class=\"eael-advanced-accordion-icon-opened\"><i aria-hidden=\"true\" class=\"fa-accordion-icon fas fa-minus\"><\/i><\/span><span class=\"eael-accordion-tab-title\">\u00bfTienes un estudio de ultrasonidos?<\/span><i aria-hidden=\"true\" class=\"fa-toggle fas fa-angle-right\"><\/i><\/div><div id=\"elementor-tab-content-8173\" class=\"eael-accordion-content clearfix\" data-tab=\"3\" aria-labelledby=\"tienes-un-estudio-de-ultrasonidos\"><p>S\u00ed, tenemos un precioso estudio de ultrasonidos.<\/p>\n<\/div>\n\t\t\t\t\t<\/div><div class=\"eael-accordion-list\">\n\t\t\t\t\t<div id=\"cunto-dura-una-sesin\" class=\"elementor-tab-title eael-accordion-header\" tabindex=\"0\" data-tab=\"4\" aria-controls=\"elementor-tab-content-8174\"><span class=\"eael-advanced-accordion-icon-closed\"><i aria-hidden=\"true\" class=\"fa-accordion-icon fas fa-plus\"><\/i><\/span><span class=\"eael-advanced-accordion-icon-opened\"><i aria-hidden=\"true\" class=\"fa-accordion-icon fas fa-minus\"><\/i><\/span><span class=\"eael-accordion-tab-title\">\u00bfCu\u00e1nto dura una sesi\u00f3n?<\/span><i aria-hidden=\"true\" class=\"fa-toggle fas fa-angle-right\"><\/i><\/div><div id=\"elementor-tab-content-8174\" class=\"eael-accordion-content clearfix\" data-tab=\"4\" aria-labelledby=\"cunto-dura-una-sesin\"><p>Depende del paquete que elijas, pero normalmente una hora.<\/p>\n<\/div>\n\t\t\t\t\t<\/div><\/div>\t\t\t\t<\/div>\n\t\t\t\t<\/div>\n\t\t\t\t\t<\/div>\n\t\t<\/div>\n\t\t\t\t\t<\/div>\n\t\t<\/section>\n\t\t\t\t<\/div>\n\t\t","protected":false},"excerpt":{"rendered":"<p>Ecograf\u00eda 3D Long Island NY (Experiencia en casa) Nuestros servicios de ecograf\u00eda 3D en Long Island, [&hellip;]<\/p>\n","protected":false},"author":2,"featured_media":0,"parent":2176,"menu_order":0,"comment_status":"closed","ping_status":"closed","template":"","meta":{"site-sidebar-layout":"no-sidebar","site-content-layout":"page-builder","ast-site-content-layout":"full-width-container","site-content-style":"unboxed","site-sidebar-style":"unboxed","ast-global-header-display":"","ast-banner-title-visibility":"","ast-main-header-display":"","ast-hfb-above-header-display":"","ast-hfb-below-header-display":"","ast-hfb-mobile-header-display":"","site-post-title":"disabled","ast-breadcrumbs-content":"","ast-featured-img":"disabled","footer-sml-layout":"","theme-transparent-header-meta":"default","adv-header-id-meta":"","stick-header-meta":"default","header-above-stick-meta":"","header-main-stick-meta":"","header-below-stick-meta":"","astra-migrate-meta-layouts":"default","ast-page-background-enabled":"default","ast-page-background-meta":{"desktop":{"background-color":"","background-image":"","background-repeat":"repeat","background-position":"center center","background-size":"auto","background-attachment":"scroll","background-type":"","background-media":"","overlay-type":"","overlay-color":"","overlay-opacity":"","overlay-gradient":""},"tablet":{"background-color":"","background-image":"","background-repeat":"repeat","background-position":"center center","background-size":"auto","background-attachment":"scroll","background-type":"","background-media":"","overlay-type":"","overlay-color":"","overlay-opacity":"","overlay-gradient":""},"mobile":{"background-color":"","background-image":"","background-repeat":"repeat","background-position":"center center","background-size":"auto","background-attachment":"scroll","background-type":"","background-media":"","overlay-type":"","overlay-color":"","overlay-opacity":"","overlay-gradient":""}},"ast-content-background-meta":{"desktop":{"background-color":"var(--ast-global-color-5)","background-image":"","background-repeat":"repeat","background-position":"center center","background-size":"auto","background-attachment":"scroll","background-type":"","background-media":"","overlay-type":"","overlay-color":"","overlay-opacity":"","overlay-gradient":""},"tablet":{"background-color":"var(--ast-global-color-5)","background-image":"","background-repeat":"repeat","background-position":"center center","background-size":"auto","background-attachment":"scroll","background-type":"","background-media":"","overlay-type":"","overlay-color":"","overlay-opacity":"","overlay-gradient":""},"mobile":{"background-color":"var(--ast-global-color-5)","background-image":"","background-repeat":"repeat","background-position":"center center","background-size":"auto","background-attachment":"scroll","background-type":"","background-media":"","overlay-type":"","overlay-color":"","overlay-opacity":"","overlay-gradient":""}},"footnotes":""},"class_list":["post-2908","page","type-page","status-publish","hentry"],"_links":{"self":[{"href":"https:\/\/ultrasound3dimaging.com\/es\/wp-json\/wp\/v2\/pages\/2908","targetHints":{"allow":["GET"]}}],"collection":[{"href":"https:\/\/ultrasound3dimaging.com\/es\/wp-json\/wp\/v2\/pages"}],"about":[{"href":"https:\/\/ultrasound3dimaging.com\/es\/wp-json\/wp\/v2\/types\/page"}],"author":[{"embeddable":true,"href":"https:\/\/ultrasound3dimaging.com\/es\/wp-json\/wp\/v2\/users\/2"}],"replies":[{"embeddable":true,"href":"https:\/\/ultrasound3dimaging.com\/es\/wp-json\/wp\/v2\/comments?post=2908"}],"version-history":[{"count":1,"href":"https:\/\/ultrasound3dimaging.com\/es\/wp-json\/wp\/v2\/pages\/2908\/revisions"}],"predecessor-version":[{"id":2909,"href":"https:\/\/ultrasound3dimaging.com\/es\/wp-json\/wp\/v2\/pages\/2908\/revisions\/2909"}],"up":[{"embeddable":true,"href":"https:\/\/ultrasound3dimaging.com\/es\/wp-json\/wp\/v2\/pages\/2176"}],"wp:attachment":[{"href":"https:\/\/ultrasound3dimaging.com\/es\/wp-json\/wp\/v2\/media?parent=2908"}],"curies":[{"name":"wp","href":"https:\/\/api.w.org\/{rel}","templated":true}]}}